{"id":23132,"date":"2026-01-29T14:48:42","date_gmt":"2026-01-29T13:48:42","guid":{"rendered":"https:\/\/visage.management\/?page_id=23132"},"modified":"2026-02-02T11:24:05","modified_gmt":"2026-02-02T10:24:05","slug":"referenzen","status":"publish","type":"page","link":"https:\/\/visage.management\/fr\/referenzen\/","title":{"rendered":"Referenzen"},"content":{"rendered":"<div data-elementor-type=\"wp-page\" data-elementor-id=\"23132\" class=\"elementor elementor-23132\">\n\t\t\t\t\t\t<section class=\"elementor-section elementor-top-section elementor-element elementor-element-8beb477 elementor-section-boxed elementor-section-height-default elementor-section-height-default sc_fly_static\" data-id=\"8beb477\" data-element_type=\"section\">\n\t\t\t\t\t\t<div class=\"elementor-container elementor-column-gap-extended\">\n\t\t\t\t\t<div class=\"elementor-column elementor-col-100 elementor-top-column elementor-element elementor-element-873b21e sc_content_align_inherit sc_layouts_column_icons_position_left sc_fly_static\" data-id=\"873b21e\" data-element_type=\"column\">\n\t\t\t<div class=\"elementor-widget-wrap elementor-element-populated\">\n\t\t\t\t\t\t<div class=\"elementor-element elementor-element-89f9dd8 sc_fly_static elementor-widget elementor-widget-trx_sc_testimonials\" data-id=\"89f9dd8\" data-element_type=\"widget\" data-widget_type=\"trx_sc_testimonials.default\">\n\t\t\t\t<div class=\"elementor-widget-container\">\n\t\t\t\t\t<div \t\tclass=\"sc_testimonials sc_testimonials_modern\"><div  class=\"sc_testimonials_slider sc_item_slider slider_swiper_outer slider_outer slider_outer_controls slider_outer_controls_bottom slider_outer_nopagination slider_outer_nocentered slider_outer_overflow_hidden slider_outer_one\">\n\t<div  data-slides-per-view-breakpoints=\"{&quot;999999&quot;:1}\" data-slides-space-breakpoints=\"{&quot;999999&quot;:0}\" class=\"slider_container swiper-slider-container slider_swiper slider_noresize slider_controls slider_controls_bottom slider_nopagination slider_nocentered slider_overflow_hidden slider_one\" data-effect=\"slide\" data-slides-min-width=\"290\" data-pagination=\"bullets\" data-direction=\"horizontal\" data-mouse-wheel=\"0\" data-autoplay=\"0\" data-loop=\"1\" data-free-mode=\"0\" data-slides-centered=\"0\" data-slides-overflow=\"0\">\n\t\t<div class=\"slides slider-wrapper swiper-wrapper sc_item_columns_1\"><div class=\"slider-slide swiper-slide\"><div data-post-id=\"23073\" class=\"sc_testimonials_item sc_item_container post_container\">\n\t<div class=\"sc_testimonials_item_content\">\n<p>Seit Gr\u00fcndung unseres Unternehmens im Jahr 2021 k\u00e4mpfen wir, wie die gesamte Branche, mit der schlechten wirtschaftlichen Lage und dem Mangel an gutem Personal, insbesondere Fachpersonal.<br>Wir haben uns 2025 die Unterst\u00fctzung von B\u00e9n\u00e9dicte Autem, eine absolute Expertin in der Personaldienstleistung, geholt.<br>Wir haben gemeinsam die Prozesse analysiert und entsprechend optimiert. Die Strategie unseres Unternehmens klar \u00fcberarbeitet und vor allem, mit dem gesamten Team eine Transparenz geschaffen. KPI sind verst\u00e4ndlich f\u00fcr alle und werden anhand eines Sales Dashboard f\u00fcr alle sichtbar.<br>Wichtig war uns auch, unser Fehlzeitenmanagement im herausfordernden Tagesgesch\u00e4ft zu optimieren und unsere Vertriebsaktivit\u00e4ten extrem zu erh\u00f6hen.<br>Durch harte Arbeit und produktive Workshops konnten wir unsere Vertriebsaktivit\u00e4ten und unsere Marge nachweisbar erh\u00f6hen.<\/p>\n\n\n\n<p>Wir konnten bereits nach einigen Wochen eine deutliche positive Ver\u00e4nderung feststellen und wir k\u00f6nnen auf jedem Fall best\u00e4tigen, dass eine Aussenbetrachtung unserer Struktur und Themen sehr hilfreich war.<\/p>\n\n\n\n<p>Danke B\u00e9n\u00e9dicte f\u00fcr Deine Expertise und Deinen wertvollen Beitrag.<\/p>\n\n\n\n<figure class=\"wp-block-image size-medium is-style-default\" style=\"margin-top:var(--wp--preset--spacing--60);margin-right:0;margin-left:0\"><img decoding=\"async\" width=\"300\" height=\"63\" src=\"https:\/\/visage.management\/wp-content\/uploads\/2026\/01\/LogoLB-300x63.png\" alt=\"\" class=\"wp-image-23205\" srcset=\"https:\/\/visage.management\/wp-content\/uploads\/2026\/01\/LogoLB-300x63.png 300w, https:\/\/visage.management\/wp-content\/uploads\/2026\/01\/LogoLB-1024x216.png 1024w, https:\/\/visage.management\/wp-content\/uploads\/2026\/01\/LogoLB-768x162.png 768w, https:\/\/visage.management\/wp-content\/uploads\/2026\/01\/LogoLB-1536x325.png 1536w, https:\/\/visage.management\/wp-content\/uploads\/2026\/01\/LogoLB-2048x433.png 2048w, https:\/\/visage.management\/wp-content\/uploads\/2026\/01\/LogoLB-18x4.png 18w, https:\/\/visage.management\/wp-content\/uploads\/2026\/01\/LogoLB-370x78.png 370w, https:\/\/visage.management\/wp-content\/uploads\/2026\/01\/LogoLB-840x178.png 840w, https:\/\/visage.management\/wp-content\/uploads\/2026\/01\/LogoLB-410x87.png 410w\" sizes=\"(max-width: 300px) 100vw, 300px\" \/><\/figure>\n<\/div>\n\t<div class=\"sc_testimonials_item_author\">\n\t\t\t\t<div class=\"sc_testimonials_item_author_data\">\n\t\t\t<h4 class=\"sc_testimonials_item_author_title\">Armin Br\u00fcndl<\/h4>\n\t\t\t<div class=\"sc_testimonials_item_author_subtitle\">Gesch\u00e4ftsf\u00fchrer<\/div>\t\t<\/div>\n\t<\/div>\n<\/div>\n<\/div><div class=\"slider-slide swiper-slide\"><div data-post-id=\"21898\" class=\"sc_testimonials_item sc_item_container post_container\">\n\t<div class=\"sc_testimonials_item_content\"><p><span aria-hidden=\"true\">J\u2019ai eu la chance de travailler sous la direction de Mme B\u00e9n\u00e9dicte Autem lorsqu\u2019elle \u00e9tait chez Manpower. C\u2019est une leader d\u2019une passion exceptionnelle, d\u2019une clart\u00e9 impressionnante et d\u2019une profonde compr\u00e9hension des individus et des organisations.<\/span><\/p>\n<p>Son expertise, en particulier dans le domaine du leadership, du coaching et du d\u00e9veloppement des leaders \u2013 est aussi solide que pragmatique. Elle allie pens\u00e9e strat\u00e9gique et proximit\u00e9 humaine, r\u00e9ussissant \u00e0 non seulement diriger des \u00e9quipes, mais aussi \u00e0 v\u00e9ritablement les inspirer.<\/p>\n<p>Travailler avec Mme Autem a \u00e9t\u00e9 un enrichissement personnel et professionnel majeur pour moi. Ceux qui recherchent une leader forte, empathique et \u00e0 la fois professionnelle, feront un excellent choix en collaborant avec elle. Je recommande vivement de travailler avec elle.<\/p>\n\n\n<p><\/p>\n<\/div>\n\t<div class=\"sc_testimonials_item_author\">\n\t\t\t\t<div class=\"sc_testimonials_item_author_data\">\n\t\t\t<h4 class=\"sc_testimonials_item_author_title\">Sven Schr\u00f6der<\/h4>\n\t\t\t<div class=\"sc_testimonials_item_author_subtitle\">Consultant placement permanent<\/div>\t\t<\/div>\n\t<\/div>\n<\/div>\n<\/div><div class=\"slider-slide swiper-slide\"><div data-post-id=\"21699\" class=\"sc_testimonials_item sc_item_container post_container\">\n\t<div class=\"sc_testimonials_item_content\"><p><span aria-hidden=\"true\">J\u2019ai eu la chance de travailler pendant deux ans sous la direction de B\u00e9n\u00e9dicte Autem \u2013 une p\u00e9riode qui m\u2019a \u00e9norm\u00e9ment fait progresser tant sur le plan professionnel que personnel.<\/p>\n<p>B\u00e9n\u00e9dicte s\u2019est distingu\u00e9e par sa communication claire, transparente et toujours honn\u00eate. M\u00eame dans des situations critiques, elle a toujours fait preuve d\u2019\u00e9quit\u00e9 dans ses relations, tout en restant ferme sur les questions essentielles. Elle a non seulement d\u00e9montr\u00e9 une grande comp\u00e9tence professionnelle, mais aussi une int\u00e9grit\u00e9 et une empathie remarquables, des qualit\u00e9s qui ne sont pas toujours \u00e9videntes dans le monde du travail actuel, et qui font d\u2019elle une personnalit\u00e9 de leadership particuli\u00e8rement fiable et respect\u00e9e.<\/p>\n<p>En tant qu\u2019employ\u00e9, j\u2019ai beaucoup appr\u00e9ci\u00e9 la libert\u00e9 qu\u2019elle m\u2019a accord\u00e9e pour mon \u00e9panouissement personnel. En m\u00eame temps, je pouvais toujours compter sur son soutien fiable et son style de leadership humain et proche.<\/p>\n<p>Je suis tr\u00e8s reconnaissant d\u2019avoir collabor\u00e9 avec B\u00e9n\u00e9dicte, elle a \u00e9t\u00e9 non seulement une sup\u00e9rieure comp\u00e9tente, mais aussi une accompagnatrice inspirante tout au long de mon parcours professionnel.<\/p>\n<p>Je la recommande sans r\u00e9serve!<\/span><\/p>\n<\/div>\n\t<div class=\"sc_testimonials_item_author\">\n\t\t\t\t<div class=\"sc_testimonials_item_author_data\">\n\t\t\t<h4 class=\"sc_testimonials_item_author_title\">Christopher Koch<\/h4>\n\t\t\t<div class=\"sc_testimonials_item_author_subtitle\">Responsable des transformations<\/div>\t\t<\/div>\n\t<\/div>\n<\/div>\n<\/div><div class=\"slider-slide swiper-slide\"><div data-post-id=\"21698\" class=\"sc_testimonials_item sc_item_container post_container\">\n\t<div class=\"sc_testimonials_item_content\"><p class=\"translation-block\">J\u00b4 ai eu la chance d\u2019avoir B\u00e9n\u00e9dicte Autem comme sup\u00e9rieure en tant que manager. C\u2019est une experte hautement professionnelle dans son domaine. B\u00e9n\u00e9dicte Autem est capable de rep\u00e9rer les talents avant tout le monde et de les d\u00e9velopper au mieux en fonction de leurs capacit\u00e9s. Elle r\u00e9ussit comme personne d\u2019autre \u00e0 combiner proximit\u00e9 humaine et distance professionnelle, dirigeant toujours avec une vision \u00e9galitaire. Elle a \u00e9t\u00e9 et reste une excellente mentor pour moi et pour beaucoup d\u2019autres et se distingue \u00e9galement comme une r\u00e9solutrice de probl\u00e8mes dans toutes les situations.<\/p>\n<\/div>\n\t<div class=\"sc_testimonials_item_author\">\n\t\t\t\t<div class=\"sc_testimonials_item_author_data\">\n\t\t\t<h4 class=\"sc_testimonials_item_author_title\">Yahya G\u00fcney<\/h4>\n\t\t\t<div class=\"sc_testimonials_item_author_subtitle\">Directeur regional<\/div>\t\t<\/div>\n\t<\/div>\n<\/div>\n<\/div><div class=\"slider-slide swiper-slide\"><div data-post-id=\"21697\" class=\"sc_testimonials_item sc_item_container post_container\">\n\t<div class=\"sc_testimonials_item_content\"><p><span aria-hidden=\"true\">J\u2019ai connu B\u00e9n\u00e9dicte Autem comme une coll\u00e8gue tr\u00e8s comp\u00e9tente lors de notre collaboration. Elle ma\u00eetrise l\u2019utilisation professionnelle des indicateurs cl\u00e9s de performance (KPI) pour la gestion cibl\u00e9e des entreprises. Ce qui la distingue particuli\u00e8rement, c\u2019est sa capacit\u00e9 \u00e0 transformer des chiffres en action concr\u00e8tes.<\/p>\n<p>Je suis convaincue que B\u00e9n\u00e9dicte Autem, en tant que consultante en gestion d\u2019entreprise, apportera une r\u00e9elle valeur ajout\u00e9e \u00e0 ses futurs clients. Son exp\u00e9rience et son niveau professionnel parlent d\u2019eux-m\u00eames.<\/p>\n<p>Je lui souhaite beaucoup de succ\u00e8s pour la suite de son parcours et je recommande vivement une collaboration avec elle.<\/span><\/p>\n<\/div>\n\t<div class=\"sc_testimonials_item_author\">\n\t\t\t\t<div class=\"sc_testimonials_item_author_data\">\n\t\t\t<h4 class=\"sc_testimonials_item_author_title\">Birgitt Wolff<\/h4>\n\t\t\t<div class=\"sc_testimonials_item_author_subtitle\">Directrice Marketing<\/div>\t\t<\/div>\n\t<\/div>\n<\/div>\n<\/div><div class=\"slider-slide swiper-slide\"><div data-post-id=\"21695\" class=\"sc_testimonials_item sc_item_container post_container\">\n\t<div class=\"sc_testimonials_item_content\">\n<p>In einem globalen Konzern mit 30.000 Mitarbeitenden, davon \u00fcber 11.000 in Deutschland, bin ich f\u00fcr West- und Norddeutschland als Regional Manager verantwortlich.<\/p>\n\n\n\n<p>Vor dem Coaching hatte ich schon eine gute Selbsteinsch\u00e4tzung, die ich nach dem Coaching und dem Reiss Motivation Profil deutlich verbessern und intensivieren konnte.<\/p>\n\n\n\n<p>Durch B\u00e9n\u00e9dicte Autem konnte ich meine Lebensmotive pr\u00e4zise erkennen, wodurch mir meine St\u00e4rken noch mehr bewusst werden.<\/p>\n\n\n\n<p>Mit dieser Erkenntnis konnte ich meine Kommunikation zu meinen Teams erheblich optimieren und somit gezielter und besser steuern. Es hat mir auch sehr geholfen andere Verhaltensweisen und Entscheidungen besser zu verstehen.<\/p>\n\n\n\n<p>Zusammengefasst kann ich sagen, dass mir das Coaching in Verbindung mit dem Reiss Motivation Profil sehr geholfen hat, mich und andere Menschen (noch) besser zu verstehen.<\/p>\n\n\n\n<p>Sehr zu empfehlen, lieben Dank noch einmal, B\u00e9n\u00e9dicte Autem!<\/p>\n<\/div>\n\t<div class=\"sc_testimonials_item_author\">\n\t\t\t\t<div class=\"sc_testimonials_item_author_data\">\n\t\t\t<h4 class=\"sc_testimonials_item_author_title\">Kai Bastian Boguschewski<\/h4>\n\t\t\t<div class=\"sc_testimonials_item_author_subtitle\">Directeur regional<\/div>\t\t<\/div>\n\t<\/div>\n<\/div>\n<\/div><div class=\"slider-slide swiper-slide\"><div data-post-id=\"21694\" class=\"sc_testimonials_item sc_item_container post_container\">\n\t<div class=\"sc_testimonials_item_content\"><p>J\u2019ai eu le grand privil\u00e8ge de travailler sous la direction de B\u00e9n\u00e9dicte Autem. Pendant cette p\u00e9riode, je l\u2019ai vue comme une v\u00e9ritable femme de pouvoir, d\u00e9termin\u00e9e, r\u00e9solue et avec une clart\u00e9 impressionnante dans sa mani\u00e8re d\u2019agir.<br \/>\nB\u00e9n\u00e9dicte se distingue par son courage \u00e0 aborder les v\u00e9rit\u00e9s de mani\u00e8re ouverte et directe, sans jamais perdre de vue l\u2019humanit\u00e9. Elle prend le temps d\u2019\u00e9couter, laisse de l\u2019espace pour le d\u00e9veloppement et encourage la croissance personnelle de ses collaborateurs avec patience et confiance. Son style de leadership \u00e9tait toujours dominant et affirm\u00e9, mais toujours marqu\u00e9 par une grande g\u00e9n\u00e9rosit\u00e9 et un v\u00e9ritable int\u00e9r\u00eat pour les personnes avec lesquelles elle travaille.<br \/>\nLes d\u00e9fis et les d\u00e9cisions difficiles ne l\u2019ont jamais effray\u00e9e. Au contraire, elle y a fait face avec d\u00e9termination et une force int\u00e9rieure impressionnante. B\u00e9n\u00e9dicte est une v\u00e9ritable femme de pouvoir, inspirante, forte et authentique.<br \/>\nJe suis reconnaissant d\u2019avoir eu l\u2019opportunit\u00e9 de la conna\u00eetre en tant que sup\u00e9rieure et je la recommande sans r\u00e9serve.<\/p>\n<\/div>\n\t<div class=\"sc_testimonials_item_author\">\n\t\t\t\t<div class=\"sc_testimonials_item_author_data\">\n\t\t\t<h4 class=\"sc_testimonials_item_author_title\">Kamila Maria Gula<\/h4>\n\t\t\t<div class=\"sc_testimonials_item_author_subtitle\">Directrice d\u00b4agence<\/div>\t\t<\/div>\n\t<\/div>\n<\/div>\n<\/div><div class=\"slider-slide swiper-slide\"><div data-post-id=\"21696\" class=\"sc_testimonials_item sc_item_container post_container\">\n\t<div class=\"sc_testimonials_item_content\"><p><span aria-hidden=\"true\">C\u2019est avec une grande estime que je recommande Mme Autem, avec qui j\u2019ai eu le privil\u00e8ge de collaborer de 2011 \u00e0 2020 chez RGF Staffing dans le domaine de l\u00b4interim. Au cours de cette p\u00e9riode, elle est devenue ma sup\u00e9rieure directe et s\u2019est distingu\u00e9e en tant que leader extraordinairement comp\u00e9tente, empathique et inspirante.<\/span><\/p>\n<p>B\u00e9n\u00e9dicte Autem a su relever les d\u00e9fis particuliers de notre secteur, l\u2019\u00e9quilibre quotidien entre les besoins des clients, les attentes des candidats et les objectifs commerciaux, avec tact, vision strat\u00e9gique et un sens profond des valeurs. Son style de leadership \u00e9tait marqu\u00e9 par l\u2019ouverture, la confiance et un v\u00e9ritable engagement envers les personnes. Elle avait toujours un sens aigu des forces individuelles de ses collaborateurs et les a soutenus dans leur d\u00e9veloppement de mani\u00e8re cibl\u00e9e et motivante.<\/p>\n<p>Gr\u00e2ce \u00e0 sa grande capacit\u00e9 de communication et \u00e0 sa forte intelligence sociale, Mme Autem a cr\u00e9\u00e9 un environnement de travail o\u00f9 les employ\u00e9s se sentaient valoris\u00e9s et \u00e9cout\u00e9s. En m\u00eame temps, elle agissait de mani\u00e8re orient\u00e9e vers les objectifs, avec une grande prise de d\u00e9cision et une compr\u00e9hension claire des exigences \u00e9conomiques de notre domaine d\u2019activit\u00e9.<\/p>\n<p>Sous sa direction, nous avons pu r\u00e9aliser de nombreux projets clients avec succ\u00e8s, am\u00e9liorer continuellement la qualit\u00e9 de nos services et former une \u00e9quipe stable et engag\u00e9e. Elle a \u00e9t\u00e9 pour nous tous non seulement un atout professionnel, mais aussi humainement une grande richesse.<\/p>\n<p>Elle poss\u00e8de tout ce qu\u2019il faut pour \u00eatre une leader moderne aujourd\u2019hui: empathie, clart\u00e9, int\u00e9grit\u00e9 et engagement.<\/p>\n<\/div>\n\t<div class=\"sc_testimonials_item_author\">\n\t\t\t\t<div class=\"sc_testimonials_item_author_data\">\n\t\t\t<h4 class=\"sc_testimonials_item_author_title\">Armin Br\u00fcndl<\/h4>\n\t\t\t<div class=\"sc_testimonials_item_author_subtitle\">PDG<\/div>\t\t<\/div>\n\t<\/div>\n<\/div>\n<\/div><\/div><\/div><div class=\"slider_controls_wrap\"><a class=\"slider_prev swiper-button-prev\" href=\"#\"><\/a><a class=\"slider_next swiper-button-next\" href=\"#\"><\/a><\/div><\/div><\/div><!-- \/.sc_testimonials -->\t\t\t\t<\/div>\n\t\t\t\t<\/div>\n\t\t\t\t\t<\/div>\n\t\t<\/div>\n\t\t\t\t\t<\/div>\n\t\t<\/section>\n\t\t\t\t<\/div>","protected":false},"excerpt":{"rendered":"<p>Seit Gr\u00fcndung unseres Unternehmens im Jahr 2021 k\u00e4mpfen wir, wie die gesamte Branche, mit der schlechten wirtschaftlichen Lage und dem Mangel an gutem Personal, insbesondere Fachpersonal.Wir haben uns 2025 die&hellip;<\/p>","protected":false},"author":1,"featured_media":0,"parent":0,"menu_order":0,"comment_status":"closed","ping_status":"closed","template":"","meta":{"footnotes":""},"class_list":["post-23132","page","type-page","status-publish","hentry"],"yoast_head":"<!-- This site is optimized with the Yoast SEO plugin v26.8 - https:\/\/yoast.com\/product\/yoast-seo-wordpress\/ -->\n<title>Referenzen - Visage<\/title>\n<meta name=\"robots\" content=\"index, follow, max-snippet:-1, max-image-preview:large, max-video-preview:-1\" \/>\n<link rel=\"canonical\" href=\"https:\/\/visage.management\/fr\/referenzen\/\" \/>\n<meta property=\"og:locale\" content=\"fr_FR\" \/>\n<meta property=\"og:type\" content=\"article\" \/>\n<meta property=\"og:title\" content=\"Referenzen - Visage\" \/>\n<meta property=\"og:description\" content=\"Seit Gr\u00fcndung unseres Unternehmens im Jahr 2021 k\u00e4mpfen wir, wie die gesamte Branche, mit der schlechten wirtschaftlichen Lage und dem Mangel an gutem Personal, insbesondere Fachpersonal.Wir haben uns 2025 die&hellip;\" \/>\n<meta property=\"og:url\" content=\"https:\/\/visage.management\/fr\/referenzen\/\" \/>\n<meta property=\"og:site_name\" content=\"Visage\" \/>\n<meta property=\"article:modified_time\" content=\"2026-02-02T10:24:05+00:00\" \/>\n<meta name=\"twitter:card\" content=\"summary_large_image\" \/>\n<meta name=\"twitter:label1\" content=\"Dur\u00e9e de lecture estim\u00e9e\" \/>\n\t<meta name=\"twitter:data1\" content=\"7 minutes\" \/>\n<script type=\"application\/ld+json\" class=\"yoast-schema-graph\">{\"@context\":\"https:\/\/schema.org\",\"@graph\":[{\"@type\":\"WebPage\",\"@id\":\"https:\/\/visage.management\/referenzen\/\",\"url\":\"https:\/\/visage.management\/referenzen\/\",\"name\":\"Referenzen - Visage\",\"isPartOf\":{\"@id\":\"https:\/\/visage.management\/#website\"},\"datePublished\":\"2026-01-29T13:48:42+00:00\",\"dateModified\":\"2026-02-02T10:24:05+00:00\",\"breadcrumb\":{\"@id\":\"https:\/\/visage.management\/referenzen\/#breadcrumb\"},\"inLanguage\":\"fr-FR\",\"potentialAction\":[{\"@type\":\"ReadAction\",\"target\":[\"https:\/\/visage.management\/referenzen\/\"]}]},{\"@type\":\"BreadcrumbList\",\"@id\":\"https:\/\/visage.management\/referenzen\/#breadcrumb\",\"itemListElement\":[{\"@type\":\"ListItem\",\"position\":1,\"name\":\"Start\",\"item\":\"https:\/\/visage.management\/\"},{\"@type\":\"ListItem\",\"position\":2,\"name\":\"Referenzen\"}]},{\"@type\":\"WebSite\",\"@id\":\"https:\/\/visage.management\/#website\",\"url\":\"https:\/\/visage.management\/\",\"name\":\"Visage\",\"description\":\"Management &amp; Leadership Consulting\",\"publisher\":{\"@id\":\"https:\/\/visage.management\/#organization\"},\"potentialAction\":[{\"@type\":\"SearchAction\",\"target\":{\"@type\":\"EntryPoint\",\"urlTemplate\":\"https:\/\/visage.management\/?s={search_term_string}\"},\"query-input\":{\"@type\":\"PropertyValueSpecification\",\"valueRequired\":true,\"valueName\":\"search_term_string\"}}],\"inLanguage\":\"fr-FR\"},{\"@type\":\"Organization\",\"@id\":\"https:\/\/visage.management\/#organization\",\"name\":\"Visage \u2013 Management & Leadership Consulting\",\"url\":\"https:\/\/visage.management\/\",\"logo\":{\"@type\":\"ImageObject\",\"inLanguage\":\"fr-FR\",\"@id\":\"https:\/\/visage.management\/#\/schema\/logo\/image\/\",\"url\":\"https:\/\/visage.management\/wp-content\/uploads\/2025\/08\/Logo-Consulting.png\",\"contentUrl\":\"https:\/\/visage.management\/wp-content\/uploads\/2025\/08\/Logo-Consulting.png\",\"width\":1182,\"height\":458,\"caption\":\"Visage \u2013 Management & Leadership Consulting\"},\"image\":{\"@id\":\"https:\/\/visage.management\/#\/schema\/logo\/image\/\"}}]}<\/script>\n<!-- \/ Yoast SEO plugin. -->","yoast_head_json":{"title":"Referenzen - Visage","robots":{"index":"index","follow":"follow","max-snippet":"max-snippet:-1","max-image-preview":"max-image-preview:large","max-video-preview":"max-video-preview:-1"},"canonical":"https:\/\/visage.management\/fr\/referenzen\/","og_locale":"fr_FR","og_type":"article","og_title":"Referenzen - Visage","og_description":"Seit Gr\u00fcndung unseres Unternehmens im Jahr 2021 k\u00e4mpfen wir, wie die gesamte Branche, mit der schlechten wirtschaftlichen Lage und dem Mangel an gutem Personal, insbesondere Fachpersonal.Wir haben uns 2025 die&hellip;","og_url":"https:\/\/visage.management\/fr\/referenzen\/","og_site_name":"Visage","article_modified_time":"2026-02-02T10:24:05+00:00","twitter_card":"summary_large_image","twitter_misc":{"Dur\u00e9e de lecture estim\u00e9e":"7 minutes"},"schema":{"@context":"https:\/\/schema.org","@graph":[{"@type":"WebPage","@id":"https:\/\/visage.management\/referenzen\/","url":"https:\/\/visage.management\/referenzen\/","name":"Referenzen - Visage","isPartOf":{"@id":"https:\/\/visage.management\/#website"},"datePublished":"2026-01-29T13:48:42+00:00","dateModified":"2026-02-02T10:24:05+00:00","breadcrumb":{"@id":"https:\/\/visage.management\/referenzen\/#breadcrumb"},"inLanguage":"fr-FR","potentialAction":[{"@type":"ReadAction","target":["https:\/\/visage.management\/referenzen\/"]}]},{"@type":"BreadcrumbList","@id":"https:\/\/visage.management\/referenzen\/#breadcrumb","itemListElement":[{"@type":"ListItem","position":1,"name":"Start","item":"https:\/\/visage.management\/"},{"@type":"ListItem","position":2,"name":"Referenzen"}]},{"@type":"WebSite","@id":"https:\/\/visage.management\/#website","url":"https:\/\/visage.management\/","name":"Visage","description":"Management &amp; Leadership Consulting","publisher":{"@id":"https:\/\/visage.management\/#organization"},"potentialAction":[{"@type":"SearchAction","target":{"@type":"EntryPoint","urlTemplate":"https:\/\/visage.management\/?s={search_term_string}"},"query-input":{"@type":"PropertyValueSpecification","valueRequired":true,"valueName":"search_term_string"}}],"inLanguage":"fr-FR"},{"@type":"Organization","@id":"https:\/\/visage.management\/#organization","name":"Visage \u2013 Management & Leadership Consulting","url":"https:\/\/visage.management\/","logo":{"@type":"ImageObject","inLanguage":"fr-FR","@id":"https:\/\/visage.management\/#\/schema\/logo\/image\/","url":"https:\/\/visage.management\/wp-content\/uploads\/2025\/08\/Logo-Consulting.png","contentUrl":"https:\/\/visage.management\/wp-content\/uploads\/2025\/08\/Logo-Consulting.png","width":1182,"height":458,"caption":"Visage \u2013 Management & Leadership Consulting"},"image":{"@id":"https:\/\/visage.management\/#\/schema\/logo\/image\/"}}]}},"_links":{"self":[{"href":"https:\/\/visage.management\/fr\/wp-json\/wp\/v2\/pages\/23132","targetHints":{"allow":["GET"]}}],"collection":[{"href":"https:\/\/visage.management\/fr\/wp-json\/wp\/v2\/pages"}],"about":[{"href":"https:\/\/visage.management\/fr\/wp-json\/wp\/v2\/types\/page"}],"author":[{"embeddable":true,"href":"https:\/\/visage.management\/fr\/wp-json\/wp\/v2\/users\/1"}],"replies":[{"embeddable":true,"href":"https:\/\/visage.management\/fr\/wp-json\/wp\/v2\/comments?post=23132"}],"version-history":[{"count":14,"href":"https:\/\/visage.management\/fr\/wp-json\/wp\/v2\/pages\/23132\/revisions"}],"predecessor-version":[{"id":23202,"href":"https:\/\/visage.management\/fr\/wp-json\/wp\/v2\/pages\/23132\/revisions\/23202"}],"wp:attachment":[{"href":"https:\/\/visage.management\/fr\/wp-json\/wp\/v2\/media?parent=23132"}],"curies":[{"name":"wp","href":"https:\/\/api.w.org\/{rel}","templated":true}]}}