{"id":23003,"date":"2026-01-27T14:32:32","date_gmt":"2026-01-27T13:32:32","guid":{"rendered":"https:\/\/visage.management\/?page_id=23003"},"modified":"2026-02-02T11:21:13","modified_gmt":"2026-02-02T10:21:13","slug":"strategieberatung","status":"publish","type":"page","link":"https:\/\/visage.management\/fr\/strategieberatung\/","title":{"rendered":"Strategieberatung f\u00fcr nachhaltige Unternehmensentwicklung"},"content":{"rendered":"<div data-elementor-type=\"wp-page\" data-elementor-id=\"23003\" class=\"elementor elementor-23003\">\n\t\t\t\t\t\t<section class=\"elementor-section elementor-top-section elementor-element elementor-element-acf1f4b elementor-section-boxed elementor-section-height-default elementor-section-height-default sc_fly_static\" data-id=\"acf1f4b\" data-element_type=\"section\">\n\t\t\t\t\t\t<div class=\"elementor-container elementor-column-gap-extended\">\n\t\t\t\t\t<div class=\"elementor-column elementor-col-100 elementor-top-column elementor-element elementor-element-dcb5682 sc_content_align_inherit sc_layouts_column_icons_position_left sc_fly_static\" data-id=\"dcb5682\" data-element_type=\"column\">\n\t\t\t<div class=\"elementor-widget-wrap elementor-element-populated\">\n\t\t\t\t\t\t<div class=\"elementor-element elementor-element-0debfb7 sc_fly_static elementor-widget elementor-widget-text-editor\" data-id=\"0debfb7\" data-element_type=\"widget\" data-widget_type=\"text-editor.default\">\n\t\t\t\t<div class=\"elementor-widget-container\">\n\t\t\t\t\t\t\t\t\t<p>Strategien scheitern selten an Ideen.<\/p><p>Sie scheitern an Klarheit, Priorit\u00e4ten und Umsetzung.<\/p><p>Visage Management unterst\u00fctzt Unternehmen dabei, strategische Entscheidungen fundiert zu treffen und konsequent umzusetzen.<\/p>\t\t\t\t\t\t\t\t<\/div>\n\t\t\t\t<\/div>\n\t\t\t\t<div class=\"elementor-element elementor-element-b1c9f6b sc_height_large sc_fly_static elementor-widget elementor-widget-spacer\" data-id=\"b1c9f6b\" data-element_type=\"widget\" data-widget_type=\"spacer.default\">\n\t\t\t\t<div class=\"elementor-widget-container\">\n\t\t\t\t\t\t\t<div class=\"elementor-spacer\">\n\t\t\t<div class=\"elementor-spacer-inner\"><\/div>\n\t\t<\/div>\n\t\t\t\t\t\t<\/div>\n\t\t\t\t<\/div>\n\t\t\t\t\t<\/div>\n\t\t<\/div>\n\t\t\t\t\t<\/div>\n\t\t<\/section>\n\t\t\t\t<section class=\"elementor-section elementor-top-section elementor-element elementor-element-0e3a8f8 elementor-section-stretched elementor-section-boxed elementor-section-height-default elementor-section-height-default sc_fly_static\" data-id=\"0e3a8f8\" data-element_type=\"section\" data-settings=\"{&quot;stretch_section&quot;:&quot;section-stretched&quot;,&quot;background_background&quot;:&quot;classic&quot;}\">\n\t\t\t\t\t\t<div class=\"elementor-container elementor-column-gap-extended\">\n\t\t\t\t\t<div class=\"elementor-column elementor-col-100 elementor-top-column elementor-element elementor-element-b74e130 sc_content_align_inherit sc_layouts_column_icons_position_left sc_fly_static\" data-id=\"b74e130\" data-element_type=\"column\">\n\t\t\t<div class=\"elementor-widget-wrap elementor-element-populated\">\n\t\t\t\t\t\t<div class=\"elementor-element elementor-element-7341a8b sc_height_medium sc_fly_static elementor-widget elementor-widget-spacer\" data-id=\"7341a8b\" data-element_type=\"widget\" data-widget_type=\"spacer.default\">\n\t\t\t\t<div class=\"elementor-widget-container\">\n\t\t\t\t\t\t\t<div class=\"elementor-spacer\">\n\t\t\t<div class=\"elementor-spacer-inner\"><\/div>\n\t\t<\/div>\n\t\t\t\t\t\t<\/div>\n\t\t\t\t<\/div>\n\t\t\t\t<div class=\"elementor-element elementor-element-0b7a7d7 sc_fly_static elementor-widget elementor-widget-heading\" data-id=\"0b7a7d7\" data-element_type=\"widget\" data-widget_type=\"heading.default\">\n\t\t\t\t<div class=\"elementor-widget-container\">\n\t\t\t\t\t<h2 class=\"elementor-heading-title elementor-size-default\"><span style=\"color:#e50093\">Wann<\/span> Strategieberatung sinnvoll ist<\/h2>\t\t\t\t<\/div>\n\t\t\t\t<\/div>\n\t\t\t\t<div class=\"elementor-element elementor-element-a12f1b6 sc_height_small sc_fly_static elementor-widget elementor-widget-spacer\" data-id=\"a12f1b6\" data-element_type=\"widget\" data-widget_type=\"spacer.default\">\n\t\t\t\t<div class=\"elementor-widget-container\">\n\t\t\t\t\t\t\t<div class=\"elementor-spacer\">\n\t\t\t<div class=\"elementor-spacer-inner\"><\/div>\n\t\t<\/div>\n\t\t\t\t\t\t<\/div>\n\t\t\t\t<\/div>\n\t\t\t\t<div class=\"elementor-element elementor-element-62289c5 sc_fly_static elementor-widget elementor-widget-text-editor\" data-id=\"62289c5\" data-element_type=\"widget\" data-widget_type=\"text-editor.default\">\n\t\t\t\t<div class=\"elementor-widget-container\">\n\t\t\t\t\t\t\t\t\t<ul><li>Wachstum verl\u00e4uft unstrukturiert oder stagniert<\/li><li>Verantwortlichkeiten sind unklar<\/li><li>Gesch\u00e4ftsmodelle passen nicht mehr zum Markt<\/li><li>F\u00fchrungsteams treffen Entscheidungen ohne gemeinsame Linie<\/li><\/ul>\t\t\t\t\t\t\t\t<\/div>\n\t\t\t\t<\/div>\n\t\t\t\t<div class=\"elementor-element elementor-element-25749cb sc_height_medium sc_fly_static elementor-widget elementor-widget-spacer\" data-id=\"25749cb\" data-element_type=\"widget\" data-widget_type=\"spacer.default\">\n\t\t\t\t<div class=\"elementor-widget-container\">\n\t\t\t\t\t\t\t<div class=\"elementor-spacer\">\n\t\t\t<div class=\"elementor-spacer-inner\"><\/div>\n\t\t<\/div>\n\t\t\t\t\t\t<\/div>\n\t\t\t\t<\/div>\n\t\t\t\t\t<\/div>\n\t\t<\/div>\n\t\t\t\t\t<\/div>\n\t\t<\/section>\n\t\t\t\t<section class=\"elementor-section elementor-top-section elementor-element elementor-element-8801c71 elementor-section-boxed elementor-section-height-default elementor-section-height-default sc_fly_static\" data-id=\"8801c71\" data-element_type=\"section\">\n\t\t\t\t\t\t<div class=\"elementor-container elementor-column-gap-extended\">\n\t\t\t\t\t<div class=\"elementor-column elementor-col-100 elementor-top-column elementor-element elementor-element-f02ffa0 sc_content_align_inherit sc_layouts_column_icons_position_left sc_fly_static\" data-id=\"f02ffa0\" data-element_type=\"column\">\n\t\t\t<div class=\"elementor-widget-wrap elementor-element-populated\">\n\t\t\t\t\t\t<div class=\"elementor-element elementor-element-a43fe03 sc_height_medium sc_fly_static elementor-widget elementor-widget-spacer\" data-id=\"a43fe03\" data-element_type=\"widget\" data-widget_type=\"spacer.default\">\n\t\t\t\t<div class=\"elementor-widget-container\">\n\t\t\t\t\t\t\t<div class=\"elementor-spacer\">\n\t\t\t<div class=\"elementor-spacer-inner\"><\/div>\n\t\t<\/div>\n\t\t\t\t\t\t<\/div>\n\t\t\t\t<\/div>\n\t\t\t\t<div class=\"elementor-element elementor-element-2029161 sc_fly_static elementor-widget elementor-widget-heading\" data-id=\"2029161\" data-element_type=\"widget\" data-widget_type=\"heading.default\">\n\t\t\t\t<div class=\"elementor-widget-container\">\n\t\t\t\t\t<h2 class=\"elementor-heading-title elementor-size-default\">Unser Ansatz<\/h2>\t\t\t\t<\/div>\n\t\t\t\t<\/div>\n\t\t\t\t<div class=\"elementor-element elementor-element-eebebe8 sc_height_small sc_fly_static elementor-widget elementor-widget-spacer\" data-id=\"eebebe8\" data-element_type=\"widget\" data-widget_type=\"spacer.default\">\n\t\t\t\t<div class=\"elementor-widget-container\">\n\t\t\t\t\t\t\t<div class=\"elementor-spacer\">\n\t\t\t<div class=\"elementor-spacer-inner\"><\/div>\n\t\t<\/div>\n\t\t\t\t\t\t<\/div>\n\t\t\t\t<\/div>\n\t\t\t\t<section class=\"elementor-section elementor-inner-section elementor-element elementor-element-d4dcce8 elementor-section-boxed elementor-section-height-default elementor-section-height-default sc_fly_static\" data-id=\"d4dcce8\" data-element_type=\"section\">\n\t\t\t\t\t\t<div class=\"elementor-container elementor-column-gap-extended\">\n\t\t\t\t\t<div class=\"elementor-column elementor-col-33 elementor-inner-column elementor-element elementor-element-33f94a6 sc_content_align_inherit sc_layouts_column_icons_position_left sc_fly_static\" data-id=\"33f94a6\" data-element_type=\"column\">\n\t\t\t<div class=\"elementor-widget-wrap elementor-element-populated\">\n\t\t\t\t\t\t<div class=\"elementor-element elementor-element-49f01a4 elementor-view-default elementor-position-block-start elementor-mobile-position-block-start sc_fly_static elementor-widget elementor-widget-icon-box\" data-id=\"49f01a4\" data-element_type=\"widget\" data-widget_type=\"icon-box.default\">\n\t\t\t\t<div class=\"elementor-widget-container\">\n\t\t\t\t\t\t\t<div class=\"elementor-icon-box-wrapper\">\n\n\t\t\t\t\t\t<div class=\"elementor-icon-box-icon\">\n\t\t\t\t<span  class=\"elementor-icon\">\n\t\t\t\t<i aria-hidden=\"true\" class=\"fas fa-search\"><\/i>\t\t\t\t<\/span>\n\t\t\t<\/div>\n\t\t\t\n\t\t\t\t\t\t<div class=\"elementor-icon-box-content\">\n\n\t\t\t\t\t\t\t\t\t<h3 class=\"elementor-icon-box-title\">\n\t\t\t\t\t\t<span  >\n\t\t\t\t\t\t\t1. Analyse\t\t\t\t\t\t<\/span>\n\t\t\t\t\t<\/h3>\n\t\t\t\t\n\t\t\t\t\t\t\t\t\t<p class=\"elementor-icon-box-description\">\n\t\t\t\t\t\tWir betrachten Markt, Organisation, Prozesse und F\u00fchrung realistisch und ohne Sch\u00f6nf\u00e4rberei.\t\t\t\t\t<\/p>\n\t\t\t\t\n\t\t\t<\/div>\n\t\t\t\n\t\t<\/div>\n\t\t\t\t\t\t<\/div>\n\t\t\t\t<\/div>\n\t\t\t\t\t<\/div>\n\t\t<\/div>\n\t\t\t\t<div class=\"elementor-column elementor-col-33 elementor-inner-column elementor-element elementor-element-ef3dba3 sc_content_align_inherit sc_layouts_column_icons_position_left sc_fly_static\" data-id=\"ef3dba3\" data-element_type=\"column\">\n\t\t\t<div class=\"elementor-widget-wrap elementor-element-populated\">\n\t\t\t\t\t\t<div class=\"elementor-element elementor-element-dbec978 elementor-view-default elementor-position-block-start elementor-mobile-position-block-start sc_fly_static elementor-widget elementor-widget-icon-box\" data-id=\"dbec978\" data-element_type=\"widget\" data-widget_type=\"icon-box.default\">\n\t\t\t\t<div class=\"elementor-widget-container\">\n\t\t\t\t\t\t\t<div class=\"elementor-icon-box-wrapper\">\n\n\t\t\t\t\t\t<div class=\"elementor-icon-box-icon\">\n\t\t\t\t<span  class=\"elementor-icon\">\n\t\t\t\t<i aria-hidden=\"true\" class=\"fas fa-chart-line\"><\/i>\t\t\t\t<\/span>\n\t\t\t<\/div>\n\t\t\t\n\t\t\t\t\t\t<div class=\"elementor-icon-box-content\">\n\n\t\t\t\t\t\t\t\t\t<h3 class=\"elementor-icon-box-title\">\n\t\t\t\t\t\t<span  >\n\t\t\t\t\t\t\t2. Strategische Klarheit\t\t\t\t\t\t<\/span>\n\t\t\t\t\t<\/h3>\n\t\t\t\t\n\t\t\t\t\t\t\t\t\t<p class=\"elementor-icon-box-description\">\n\t\t\t\t\t\tGemeinsam definieren wir Zielbild und Priorit\u00e4ten, Rollen, Verantwortlichkeiten und Steuerungslogiken sowie messbare Erfolgskennzahlen\t\t\t\t\t<\/p>\n\t\t\t\t\n\t\t\t<\/div>\n\t\t\t\n\t\t<\/div>\n\t\t\t\t\t\t<\/div>\n\t\t\t\t<\/div>\n\t\t\t\t\t<\/div>\n\t\t<\/div>\n\t\t\t\t<div class=\"elementor-column elementor-col-33 elementor-inner-column elementor-element elementor-element-e7a1b10 sc_content_align_inherit sc_layouts_column_icons_position_left sc_fly_static\" data-id=\"e7a1b10\" data-element_type=\"column\">\n\t\t\t<div class=\"elementor-widget-wrap elementor-element-populated\">\n\t\t\t\t\t\t<div class=\"elementor-element elementor-element-7b31b8f elementor-view-default elementor-position-block-start elementor-mobile-position-block-start sc_fly_static elementor-widget elementor-widget-icon-box\" data-id=\"7b31b8f\" data-element_type=\"widget\" data-widget_type=\"icon-box.default\">\n\t\t\t\t<div class=\"elementor-widget-container\">\n\t\t\t\t\t\t\t<div class=\"elementor-icon-box-wrapper\">\n\n\t\t\t\t\t\t<div class=\"elementor-icon-box-icon\">\n\t\t\t\t<span  class=\"elementor-icon\">\n\t\t\t\t<i aria-hidden=\"true\" class=\"fas fa-flag-checkered\"><\/i>\t\t\t\t<\/span>\n\t\t\t<\/div>\n\t\t\t\n\t\t\t\t\t\t<div class=\"elementor-icon-box-content\">\n\n\t\t\t\t\t\t\t\t\t<h3 class=\"elementor-icon-box-title\">\n\t\t\t\t\t\t<span  >\n\t\t\t\t\t\t\t3. Umsetzung\t\t\t\t\t\t<\/span>\n\t\t\t\t\t<\/h3>\n\t\t\t\t\n\t\t\t\t\t\t\t\t\t<p class=\"elementor-icon-box-description\">\n\t\t\t\t\t\tWir begleiten die Umsetzung aktiv. Nicht als Sparringspartner von au\u00dfen, sondern nah an der Organisation.\t\t\t\t\t<\/p>\n\t\t\t\t\n\t\t\t<\/div>\n\t\t\t\n\t\t<\/div>\n\t\t\t\t\t\t<\/div>\n\t\t\t\t<\/div>\n\t\t\t\t\t<\/div>\n\t\t<\/div>\n\t\t\t\t\t<\/div>\n\t\t<\/section>\n\t\t\t\t<div class=\"elementor-element elementor-element-bf8b3ad sc_height_medium sc_fly_static elementor-widget elementor-widget-spacer\" data-id=\"bf8b3ad\" data-element_type=\"widget\" data-widget_type=\"spacer.default\">\n\t\t\t\t<div class=\"elementor-widget-container\">\n\t\t\t\t\t\t\t<div class=\"elementor-spacer\">\n\t\t\t<div class=\"elementor-spacer-inner\"><\/div>\n\t\t<\/div>\n\t\t\t\t\t\t<\/div>\n\t\t\t\t<\/div>\n\t\t\t\t\t<\/div>\n\t\t<\/div>\n\t\t\t\t\t<\/div>\n\t\t<\/section>\n\t\t\t\t<section class=\"elementor-section elementor-top-section elementor-element elementor-element-e26b250 elementor-section-boxed elementor-section-height-default elementor-section-height-default sc_fly_static\" data-id=\"e26b250\" data-element_type=\"section\">\n\t\t\t\t\t\t<div class=\"elementor-container elementor-column-gap-extended\">\n\t\t\t\t\t<div class=\"elementor-column elementor-col-100 elementor-top-column elementor-element elementor-element-a4c2b0d sc_content_align_inherit sc_layouts_column_icons_position_left sc_fly_static\" data-id=\"a4c2b0d\" data-element_type=\"column\">\n\t\t\t<div class=\"elementor-widget-wrap elementor-element-populated\">\n\t\t\t\t\t\t<div class=\"elementor-element elementor-element-44380b5 sc_height_medium sc_fly_static elementor-widget elementor-widget-spacer\" data-id=\"44380b5\" data-element_type=\"widget\" data-widget_type=\"spacer.default\">\n\t\t\t\t<div class=\"elementor-widget-container\">\n\t\t\t\t\t\t\t<div class=\"elementor-spacer\">\n\t\t\t<div class=\"elementor-spacer-inner\"><\/div>\n\t\t<\/div>\n\t\t\t\t\t\t<\/div>\n\t\t\t\t<\/div>\n\t\t\t\t<div class=\"elementor-element elementor-element-2f89f15 sc_fly_static elementor-widget elementor-widget-button\" data-id=\"2f89f15\" data-element_type=\"widget\" data-widget_type=\"button.default\">\n\t\t\t\t<div class=\"elementor-widget-container\">\n\t\t\t\t\t\t\t\t\t<div class=\"elementor-button-wrapper\">\n\t\t\t\t\t<a class=\"elementor-button elementor-button-link elementor-size-sm\" href=\"https:\/\/visage.management\/fr\/leistungen\/\">\n\t\t\t\t\t\t<span class=\"elementor-button-content-wrapper\">\n\t\t\t\t\t\t<span class=\"elementor-button-icon\">\n\t\t\t\t<i aria-hidden=\"true\" class=\"fas fa-caret-left\"><\/i>\t\t\t<\/span>\n\t\t\t\t\t\t\t\t\t<span class=\"elementor-button-text\">Zur\u00fcck zur Leistungs\u00fcbersicht<\/span>\n\t\t\t\t\t<\/span>\n\t\t\t\t\t<\/a>\n\t\t\t\t<\/div>\n\t\t\t\t\t\t\t\t<\/div>\n\t\t\t\t<\/div>\n\t\t\t\t\t<\/div>\n\t\t<\/div>\n\t\t\t\t\t<\/div>\n\t\t<\/section>\n\t\t\t\t<\/div>","protected":false},"excerpt":{"rendered":"<p>Strategien scheitern selten an Ideen. Sie scheitern an Klarheit, Priorit\u00e4ten und Umsetzung. Visage Management unterst\u00fctzt Unternehmen dabei, strategische Entscheidungen fundiert zu treffen und konsequent umzusetzen. Wann Strategieberatung sinnvoll ist Wachstum&hellip;<\/p>","protected":false},"author":1,"featured_media":0,"parent":0,"menu_order":0,"comment_status":"closed","ping_status":"closed","template":"","meta":{"footnotes":""},"class_list":["post-23003","page","type-page","status-publish","hentry"],"yoast_head":"<!-- This site is optimized with the Yoast SEO plugin v26.8 - https:\/\/yoast.com\/product\/yoast-seo-wordpress\/ -->\n<title>Strategieberatung f\u00fcr KMU | Klare Entscheidungen &amp; Umsetzung<\/title>\n<meta name=\"description\" content=\"Strategieberatung f\u00fcr KMU und Personaldienstleister. Visage verbindet Analyse, Entscheidung und Umsetzung \u2013 praxisnah und wirksam.\" \/>\n<meta name=\"robots\" content=\"index, follow, max-snippet:-1, max-image-preview:large, max-video-preview:-1\" \/>\n<link rel=\"canonical\" href=\"https:\/\/visage.management\/fr\/strategieberatung\/\" \/>\n<meta property=\"og:locale\" content=\"fr_FR\" \/>\n<meta property=\"og:type\" content=\"article\" \/>\n<meta property=\"og:title\" content=\"Strategieberatung f\u00fcr KMU | Klare Entscheidungen &amp; Umsetzung\" \/>\n<meta property=\"og:description\" content=\"Strategieberatung f\u00fcr KMU und Personaldienstleister. Visage verbindet Analyse, Entscheidung und Umsetzung \u2013 praxisnah und wirksam.\" \/>\n<meta property=\"og:url\" content=\"https:\/\/visage.management\/fr\/strategieberatung\/\" \/>\n<meta property=\"og:site_name\" content=\"Visage\" \/>\n<meta property=\"article:modified_time\" content=\"2026-02-02T10:21:13+00:00\" \/>\n<meta name=\"twitter:card\" content=\"summary_large_image\" \/>\n<meta name=\"twitter:label1\" content=\"Dur\u00e9e de lecture estim\u00e9e\" \/>\n\t<meta name=\"twitter:data1\" content=\"1 minute\" \/>\n<script type=\"application\/ld+json\" class=\"yoast-schema-graph\">{\"@context\":\"https:\/\/schema.org\",\"@graph\":[{\"@type\":\"WebPage\",\"@id\":\"https:\/\/visage.management\/strategieberatung\/\",\"url\":\"https:\/\/visage.management\/strategieberatung\/\",\"name\":\"Strategieberatung f\u00fcr KMU | Klare Entscheidungen & Umsetzung\",\"isPartOf\":{\"@id\":\"https:\/\/visage.management\/#website\"},\"datePublished\":\"2026-01-27T13:32:32+00:00\",\"dateModified\":\"2026-02-02T10:21:13+00:00\",\"description\":\"Strategieberatung f\u00fcr KMU und Personaldienstleister. Visage verbindet Analyse, Entscheidung und Umsetzung \u2013 praxisnah und wirksam.\",\"breadcrumb\":{\"@id\":\"https:\/\/visage.management\/strategieberatung\/#breadcrumb\"},\"inLanguage\":\"fr-FR\",\"potentialAction\":[{\"@type\":\"ReadAction\",\"target\":[\"https:\/\/visage.management\/strategieberatung\/\"]}]},{\"@type\":\"BreadcrumbList\",\"@id\":\"https:\/\/visage.management\/strategieberatung\/#breadcrumb\",\"itemListElement\":[{\"@type\":\"ListItem\",\"position\":1,\"name\":\"Start\",\"item\":\"https:\/\/visage.management\/\"},{\"@type\":\"ListItem\",\"position\":2,\"name\":\"Strategieberatung f\u00fcr nachhaltige Unternehmensentwicklung\"}]},{\"@type\":\"WebSite\",\"@id\":\"https:\/\/visage.management\/#website\",\"url\":\"https:\/\/visage.management\/\",\"name\":\"Visage\",\"description\":\"Management &amp; Leadership Consulting\",\"publisher\":{\"@id\":\"https:\/\/visage.management\/#organization\"},\"potentialAction\":[{\"@type\":\"SearchAction\",\"target\":{\"@type\":\"EntryPoint\",\"urlTemplate\":\"https:\/\/visage.management\/?s={search_term_string}\"},\"query-input\":{\"@type\":\"PropertyValueSpecification\",\"valueRequired\":true,\"valueName\":\"search_term_string\"}}],\"inLanguage\":\"fr-FR\"},{\"@type\":\"Organization\",\"@id\":\"https:\/\/visage.management\/#organization\",\"name\":\"Visage \u2013 Management & Leadership Consulting\",\"url\":\"https:\/\/visage.management\/\",\"logo\":{\"@type\":\"ImageObject\",\"inLanguage\":\"fr-FR\",\"@id\":\"https:\/\/visage.management\/#\/schema\/logo\/image\/\",\"url\":\"https:\/\/visage.management\/wp-content\/uploads\/2025\/08\/Logo-Consulting.png\",\"contentUrl\":\"https:\/\/visage.management\/wp-content\/uploads\/2025\/08\/Logo-Consulting.png\",\"width\":1182,\"height\":458,\"caption\":\"Visage \u2013 Management & Leadership Consulting\"},\"image\":{\"@id\":\"https:\/\/visage.management\/#\/schema\/logo\/image\/\"}}]}<\/script>\n<!-- \/ Yoast SEO plugin. -->","yoast_head_json":{"title":"Strategieberatung f\u00fcr KMU | Klare Entscheidungen & Umsetzung","description":"Strategieberatung f\u00fcr KMU und Personaldienstleister. Visage verbindet Analyse, Entscheidung und Umsetzung \u2013 praxisnah und wirksam.","robots":{"index":"index","follow":"follow","max-snippet":"max-snippet:-1","max-image-preview":"max-image-preview:large","max-video-preview":"max-video-preview:-1"},"canonical":"https:\/\/visage.management\/fr\/strategieberatung\/","og_locale":"fr_FR","og_type":"article","og_title":"Strategieberatung f\u00fcr KMU | Klare Entscheidungen & Umsetzung","og_description":"Strategieberatung f\u00fcr KMU und Personaldienstleister. Visage verbindet Analyse, Entscheidung und Umsetzung \u2013 praxisnah und wirksam.","og_url":"https:\/\/visage.management\/fr\/strategieberatung\/","og_site_name":"Visage","article_modified_time":"2026-02-02T10:21:13+00:00","twitter_card":"summary_large_image","twitter_misc":{"Dur\u00e9e de lecture estim\u00e9e":"1 minute"},"schema":{"@context":"https:\/\/schema.org","@graph":[{"@type":"WebPage","@id":"https:\/\/visage.management\/strategieberatung\/","url":"https:\/\/visage.management\/strategieberatung\/","name":"Strategieberatung f\u00fcr KMU | Klare Entscheidungen & Umsetzung","isPartOf":{"@id":"https:\/\/visage.management\/#website"},"datePublished":"2026-01-27T13:32:32+00:00","dateModified":"2026-02-02T10:21:13+00:00","description":"Strategieberatung f\u00fcr KMU und Personaldienstleister. Visage verbindet Analyse, Entscheidung und Umsetzung \u2013 praxisnah und wirksam.","breadcrumb":{"@id":"https:\/\/visage.management\/strategieberatung\/#breadcrumb"},"inLanguage":"fr-FR","potentialAction":[{"@type":"ReadAction","target":["https:\/\/visage.management\/strategieberatung\/"]}]},{"@type":"BreadcrumbList","@id":"https:\/\/visage.management\/strategieberatung\/#breadcrumb","itemListElement":[{"@type":"ListItem","position":1,"name":"Start","item":"https:\/\/visage.management\/"},{"@type":"ListItem","position":2,"name":"Strategieberatung f\u00fcr nachhaltige Unternehmensentwicklung"}]},{"@type":"WebSite","@id":"https:\/\/visage.management\/#website","url":"https:\/\/visage.management\/","name":"Visage","description":"Management &amp; Leadership Consulting","publisher":{"@id":"https:\/\/visage.management\/#organization"},"potentialAction":[{"@type":"SearchAction","target":{"@type":"EntryPoint","urlTemplate":"https:\/\/visage.management\/?s={search_term_string}"},"query-input":{"@type":"PropertyValueSpecification","valueRequired":true,"valueName":"search_term_string"}}],"inLanguage":"fr-FR"},{"@type":"Organization","@id":"https:\/\/visage.management\/#organization","name":"Visage \u2013 Management & Leadership Consulting","url":"https:\/\/visage.management\/","logo":{"@type":"ImageObject","inLanguage":"fr-FR","@id":"https:\/\/visage.management\/#\/schema\/logo\/image\/","url":"https:\/\/visage.management\/wp-content\/uploads\/2025\/08\/Logo-Consulting.png","contentUrl":"https:\/\/visage.management\/wp-content\/uploads\/2025\/08\/Logo-Consulting.png","width":1182,"height":458,"caption":"Visage \u2013 Management & Leadership Consulting"},"image":{"@id":"https:\/\/visage.management\/#\/schema\/logo\/image\/"}}]}},"_links":{"self":[{"href":"https:\/\/visage.management\/fr\/wp-json\/wp\/v2\/pages\/23003","targetHints":{"allow":["GET"]}}],"collection":[{"href":"https:\/\/visage.management\/fr\/wp-json\/wp\/v2\/pages"}],"about":[{"href":"https:\/\/visage.management\/fr\/wp-json\/wp\/v2\/types\/page"}],"author":[{"embeddable":true,"href":"https:\/\/visage.management\/fr\/wp-json\/wp\/v2\/users\/1"}],"replies":[{"embeddable":true,"href":"https:\/\/visage.management\/fr\/wp-json\/wp\/v2\/comments?post=23003"}],"version-history":[{"count":19,"href":"https:\/\/visage.management\/fr\/wp-json\/wp\/v2\/pages\/23003\/revisions"}],"predecessor-version":[{"id":23192,"href":"https:\/\/visage.management\/fr\/wp-json\/wp\/v2\/pages\/23003\/revisions\/23192"}],"wp:attachment":[{"href":"https:\/\/visage.management\/fr\/wp-json\/wp\/v2\/media?parent=23003"}],"curies":[{"name":"wp","href":"https:\/\/api.w.org\/{rel}","templated":true}]}}