{"id":22971,"date":"2026-01-27T14:33:29","date_gmt":"2026-01-27T13:33:29","guid":{"rendered":"https:\/\/visage.management\/?page_id=22971"},"modified":"2026-01-29T13:48:24","modified_gmt":"2026-01-29T12:48:24","slug":"unser-team","status":"publish","type":"page","link":"https:\/\/visage.management\/fr\/unser-team\/","title":{"rendered":"Unser Team"},"content":{"rendered":"<div data-elementor-type=\"wp-page\" data-elementor-id=\"22971\" class=\"elementor elementor-22971\">\n\t\t\t\t\t\t<section class=\"elementor-section elementor-top-section elementor-element elementor-element-75b09bb elementor-section-boxed elementor-section-height-default elementor-section-height-default sc_fly_static\" data-id=\"75b09bb\" data-element_type=\"section\">\n\t\t\t\t\t\t<div class=\"elementor-container elementor-column-gap-extended\">\n\t\t\t\t\t<div class=\"elementor-column elementor-col-100 elementor-top-column elementor-element elementor-element-0dfd559 sc_content_align_inherit sc_layouts_column_icons_position_left sc_fly_static\" data-id=\"0dfd559\" data-element_type=\"column\">\n\t\t\t<div class=\"elementor-widget-wrap elementor-element-populated\">\n\t\t\t\t\t\t<div class=\"elementor-element elementor-element-372afad sc_fly_static elementor-widget elementor-widget-text-editor\" data-id=\"372afad\" data-element_type=\"widget\" data-widget_type=\"text-editor.default\">\n\t\t\t\t<div class=\"elementor-widget-container\">\n\t\t\t\t\t\t\t\t\t<p>Unsere Konzepte stammen nicht aus Lehrb\u00fcchern. Visage besteht aus einem Team von Expertinnen und Experten aus der Wirtschaft, jeweils mit mehr als 25 Jahren praktischer Erfahrung auf C-Level sowie im HR-Bereich. Wir arbeiten nach einem einfachen Prinzip: Diagnose, Priorisierung, Umsetzung und Nachsteuerung.<\/p><p>Wir sind Sparringspartner auf Entscheiderebene und bringen Praxiserfahrung aus kleinen, mittelst\u00e4ndischen und gro\u00dfen Unternehmen mit. Unsere Arbeit basiert auf echter F\u00fchrungs- und Managementerfahrung: Verantwortung \u00fcbernehmen, Entscheidungen begleiten und Organisationen stabilisieren, insbesondere in Krisen, Reorganisationen und Transformationsphasen.<\/p>\t\t\t\t\t\t\t\t<\/div>\n\t\t\t\t<\/div>\n\t\t\t\t<div class=\"elementor-element elementor-element-21a4302 sc_height_small sc_fly_static elementor-widget elementor-widget-spacer\" data-id=\"21a4302\" data-element_type=\"widget\" data-widget_type=\"spacer.default\">\n\t\t\t\t<div class=\"elementor-widget-container\">\n\t\t\t\t\t\t\t<div class=\"elementor-spacer\">\n\t\t\t<div class=\"elementor-spacer-inner\"><\/div>\n\t\t<\/div>\n\t\t\t\t\t\t<\/div>\n\t\t\t\t<\/div>\n\t\t\t\t<div class=\"elementor-element elementor-element-ebc64fb sc_fly_static elementor-widget elementor-widget-button\" data-id=\"ebc64fb\" data-element_type=\"widget\" data-widget_type=\"button.default\">\n\t\t\t\t<div class=\"elementor-widget-container\">\n\t\t\t\t\t\t\t\t\t<div class=\"elementor-button-wrapper\">\n\t\t\t\t\t<a class=\"elementor-button elementor-button-link elementor-size-sm\" href=\"https:\/\/visage.management\/fr\/kontakt\/\">\n\t\t\t\t\t\t<span class=\"elementor-button-content-wrapper\">\n\t\t\t\t\t\t\t\t\t<span class=\"elementor-button-text\">Jetzt Kontakt aufnehmen<\/span>\n\t\t\t\t\t<\/span>\n\t\t\t\t\t<\/a>\n\t\t\t\t<\/div>\n\t\t\t\t\t\t\t\t<\/div>\n\t\t\t\t<\/div>\n\t\t\t\t<div class=\"elementor-element elementor-element-a5ceb29 sc_height_medium sc_fly_static elementor-widget elementor-widget-spacer\" data-id=\"a5ceb29\" data-element_type=\"widget\" data-widget_type=\"spacer.default\">\n\t\t\t\t<div class=\"elementor-widget-container\">\n\t\t\t\t\t\t\t<div class=\"elementor-spacer\">\n\t\t\t<div class=\"elementor-spacer-inner\"><\/div>\n\t\t<\/div>\n\t\t\t\t\t\t<\/div>\n\t\t\t\t<\/div>\n\t\t\t\t\t<\/div>\n\t\t<\/div>\n\t\t\t\t\t<\/div>\n\t\t<\/section>\n\t\t\t\t<section class=\"elementor-section elementor-top-section elementor-element elementor-element-0efb4a3 elementor-section-stretched elementor-section-boxed elementor-section-height-default elementor-section-height-default sc_fly_static\" data-id=\"0efb4a3\" data-element_type=\"section\" data-settings=\"{&quot;background_background&quot;:&quot;classic&quot;,&quot;stretch_section&quot;:&quot;section-stretched&quot;}\">\n\t\t\t\t\t\t<div class=\"elementor-container elementor-column-gap-extended\">\n\t\t\t\t\t<div class=\"elementor-column elementor-col-100 elementor-top-column elementor-element elementor-element-71ec8ea sc_content_align_inherit sc_layouts_column_icons_position_left sc_fly_static\" data-id=\"71ec8ea\" data-element_type=\"column\">\n\t\t\t<div class=\"elementor-widget-wrap elementor-element-populated\">\n\t\t\t\t\t\t<div class=\"elementor-element elementor-element-8ed31d9 sc_height_medium sc_fly_static elementor-widget elementor-widget-spacer\" data-id=\"8ed31d9\" data-element_type=\"widget\" data-widget_type=\"spacer.default\">\n\t\t\t\t<div class=\"elementor-widget-container\">\n\t\t\t\t\t\t\t<div class=\"elementor-spacer\">\n\t\t\t<div class=\"elementor-spacer-inner\"><\/div>\n\t\t<\/div>\n\t\t\t\t\t\t<\/div>\n\t\t\t\t<\/div>\n\t\t\t\t<div class=\"elementor-element elementor-element-736c9c3 sc_fly_static elementor-widget elementor-widget-heading\" data-id=\"736c9c3\" data-element_type=\"widget\" data-widget_type=\"heading.default\">\n\t\t\t\t<div class=\"elementor-widget-container\">\n\t\t\t\t\t<h2 class=\"elementor-heading-title elementor-size-default\">B\u00e9n\u00e9dicte Autem<\/h2>\t\t\t\t<\/div>\n\t\t\t\t<\/div>\n\t\t\t\t<div class=\"elementor-element elementor-element-6f26507 sc_height_small sc_fly_static elementor-widget elementor-widget-spacer\" data-id=\"6f26507\" data-element_type=\"widget\" data-widget_type=\"spacer.default\">\n\t\t\t\t<div class=\"elementor-widget-container\">\n\t\t\t\t\t\t\t<div class=\"elementor-spacer\">\n\t\t\t<div class=\"elementor-spacer-inner\"><\/div>\n\t\t<\/div>\n\t\t\t\t\t\t<\/div>\n\t\t\t\t<\/div>\n\t\t\t\t<div class=\"elementor-element elementor-element-40f3de4 sc_fly_static elementor-widget elementor-widget-text-editor\" data-id=\"40f3de4\" data-element_type=\"widget\" data-widget_type=\"text-editor.default\">\n\t\t\t\t<div class=\"elementor-widget-container\">\n\t\t\t\t\t\t\t\t\t<p>Meine Name ist B\u00e9n\u00e9dicte Autem. Ich bin Gr\u00fcnderin von Visage &amp; Management Leadership Consulting.<\/p><p>Seit \u00fcber 25 Jahren f\u00fchre ich Menschen, Teams und Unternehmen als Gesch\u00e4ftsf\u00fchrer und CEO in dynamischen M\u00e4rkten, unter hohem Druck.<\/p><p>Mit einer Umsatzverantwortung bis zu \u20ac 250 Mio. und bis zu 9.000 Mitarbeitenden habe ich ganze Organisationen stabilisiert, Teams durch Ver\u00e4nderung gef\u00fchrt und Verantwortung \u00fcbernommen, wenn Klarheit und Wirkung besonders entscheidend waren.<\/p><p>Ich wei\u00df wie es sich zeigt, ob Entscheidungen tragen: Ergebnisdruck, Wachstum, Reorganisation, Konflikte in F\u00fchrungsteam. Neben meinen ausgepr\u00e4gten betriebswirtschaftlichen Kompetenzen bringe ich als ausgebildete ICF Coach, Master f\u00fcr das Reiss Motive Profil, Coach f\u00fcr AI Implementierung zus\u00e4tzliche Skills mit.<\/p>\t\t\t\t\t\t\t\t<\/div>\n\t\t\t\t<\/div>\n\t\t\t\t<div class=\"elementor-element elementor-element-b04fdc4 sc_height_small sc_fly_static elementor-widget elementor-widget-spacer\" data-id=\"b04fdc4\" data-element_type=\"widget\" data-widget_type=\"spacer.default\">\n\t\t\t\t<div class=\"elementor-widget-container\">\n\t\t\t\t\t\t\t<div class=\"elementor-spacer\">\n\t\t\t<div class=\"elementor-spacer-inner\"><\/div>\n\t\t<\/div>\n\t\t\t\t\t\t<\/div>\n\t\t\t\t<\/div>\n\t\t\t\t<div class=\"elementor-element elementor-element-f846629 sc_fly_static elementor-widget elementor-widget-button\" data-id=\"f846629\" data-element_type=\"widget\" data-widget_type=\"button.default\">\n\t\t\t\t<div class=\"elementor-widget-container\">\n\t\t\t\t\t\t\t\t\t<div class=\"elementor-button-wrapper\">\n\t\t\t\t\t<a class=\"elementor-button elementor-button-link elementor-size-sm\" href=\"https:\/\/visage.management\/fr\/kontakt\/\">\n\t\t\t\t\t\t<span class=\"elementor-button-content-wrapper\">\n\t\t\t\t\t\t\t\t\t<span class=\"elementor-button-text\">Termin buchen<\/span>\n\t\t\t\t\t<\/span>\n\t\t\t\t\t<\/a>\n\t\t\t\t<\/div>\n\t\t\t\t\t\t\t\t<\/div>\n\t\t\t\t<\/div>\n\t\t\t\t<div class=\"elementor-element elementor-element-9b0f0ce sc_height_medium sc_fly_static elementor-widget elementor-widget-spacer\" data-id=\"9b0f0ce\" data-element_type=\"widget\" data-widget_type=\"spacer.default\">\n\t\t\t\t<div class=\"elementor-widget-container\">\n\t\t\t\t\t\t\t<div class=\"elementor-spacer\">\n\t\t\t<div class=\"elementor-spacer-inner\"><\/div>\n\t\t<\/div>\n\t\t\t\t\t\t<\/div>\n\t\t\t\t<\/div>\n\t\t\t\t\t<\/div>\n\t\t<\/div>\n\t\t\t\t\t<\/div>\n\t\t<\/section>\n\t\t\t\t<section class=\"elementor-section elementor-top-section elementor-element elementor-element-937da78 elementor-section-boxed elementor-section-height-default elementor-section-height-default sc_fly_static\" data-id=\"937da78\" data-element_type=\"section\">\n\t\t\t\t\t\t<div class=\"elementor-container elementor-column-gap-extended\">\n\t\t\t\t\t<div class=\"elementor-column elementor-col-100 elementor-top-column elementor-element elementor-element-673a96f sc_content_align_inherit sc_layouts_column_icons_position_left sc_fly_static\" data-id=\"673a96f\" data-element_type=\"column\">\n\t\t\t<div class=\"elementor-widget-wrap elementor-element-populated\">\n\t\t\t\t\t\t<div class=\"elementor-element elementor-element-97489c6 sc_height_medium sc_fly_static elementor-widget elementor-widget-spacer\" data-id=\"97489c6\" data-element_type=\"widget\" data-widget_type=\"spacer.default\">\n\t\t\t\t<div class=\"elementor-widget-container\">\n\t\t\t\t\t\t\t<div class=\"elementor-spacer\">\n\t\t\t<div class=\"elementor-spacer-inner\"><\/div>\n\t\t<\/div>\n\t\t\t\t\t\t<\/div>\n\t\t\t\t<\/div>\n\t\t\t\t<div class=\"elementor-element elementor-element-143b2d1 sc_fly_static elementor-widget elementor-widget-heading\" data-id=\"143b2d1\" data-element_type=\"widget\" data-widget_type=\"heading.default\">\n\t\t\t\t<div class=\"elementor-widget-container\">\n\t\t\t\t\t<h2 class=\"elementor-heading-title elementor-size-default\">Christian Saxton<\/h2>\t\t\t\t<\/div>\n\t\t\t\t<\/div>\n\t\t\t\t<div class=\"elementor-element elementor-element-5775e93 sc_height_small sc_fly_static elementor-widget elementor-widget-spacer\" data-id=\"5775e93\" data-element_type=\"widget\" data-widget_type=\"spacer.default\">\n\t\t\t\t<div class=\"elementor-widget-container\">\n\t\t\t\t\t\t\t<div class=\"elementor-spacer\">\n\t\t\t<div class=\"elementor-spacer-inner\"><\/div>\n\t\t<\/div>\n\t\t\t\t\t\t<\/div>\n\t\t\t\t<\/div>\n\t\t\t\t<div class=\"elementor-element elementor-element-2e86409 sc_fly_static elementor-widget elementor-widget-text-editor\" data-id=\"2e86409\" data-element_type=\"widget\" data-widget_type=\"text-editor.default\">\n\t\t\t\t<div class=\"elementor-widget-container\">\n\t\t\t\t\t\t\t\t\t<p>Mein Name ist Christian Saxton. Ich bin Senior Executive Partner mit \u00fcber 30 Jahren Erfahrung in HR &amp; Operations, in der Projektsteuerung sowie im operativen Tagesgesch\u00e4ft. Ich arbeite mit KMU, Gro\u00dfunternehmen und Konzernen &#8211; regional, national und international &#8211; und \u00fcbernehme Verantwortung dort, wo Umsetzung, Stabilit\u00e4t und Wirkung im Alltag z\u00e4hlen.<\/p>\n<p>Ich kenne die Situationen, in denen sich zeigt, ob F\u00fchrung und Entscheidungen tragen: Transformation und Wachstum, Reorganisation und Konflikte im F\u00fchrungsumfeld sowie die operative Verankerung von HR in der Organisation. Dabei verbinde ich eine Hands-on-Arbeitsweise mit dem Anspruch, Menschen und Leistung zusammen zu denken.<\/p>\n<p>Als zertifizierter MMAI-Experte besch\u00e4ftige ich mich insbesondere mit KI im Arbeitsalltag und der praktischen Integration in Prozesse, Teams und Routinen.<\/p>\t\t\t\t\t\t\t\t<\/div>\n\t\t\t\t<\/div>\n\t\t\t\t<div class=\"elementor-element elementor-element-5a1e85d sc_height_small sc_fly_static elementor-widget elementor-widget-spacer\" data-id=\"5a1e85d\" data-element_type=\"widget\" data-widget_type=\"spacer.default\">\n\t\t\t\t<div class=\"elementor-widget-container\">\n\t\t\t\t\t\t\t<div class=\"elementor-spacer\">\n\t\t\t<div class=\"elementor-spacer-inner\"><\/div>\n\t\t<\/div>\n\t\t\t\t\t\t<\/div>\n\t\t\t\t<\/div>\n\t\t\t\t<div class=\"elementor-element elementor-element-8e99235 sc_fly_static elementor-widget elementor-widget-button\" data-id=\"8e99235\" data-element_type=\"widget\" data-widget_type=\"button.default\">\n\t\t\t\t<div class=\"elementor-widget-container\">\n\t\t\t\t\t\t\t\t\t<div class=\"elementor-button-wrapper\">\n\t\t\t\t\t<a class=\"elementor-button elementor-button-link elementor-size-sm\" href=\"https:\/\/visage.management\/fr\/kontakt\/\">\n\t\t\t\t\t\t<span class=\"elementor-button-content-wrapper\">\n\t\t\t\t\t\t\t\t\t<span class=\"elementor-button-text\">Termin buchen<\/span>\n\t\t\t\t\t<\/span>\n\t\t\t\t\t<\/a>\n\t\t\t\t<\/div>\n\t\t\t\t\t\t\t\t<\/div>\n\t\t\t\t<\/div>\n\t\t\t\t<div class=\"elementor-element elementor-element-a3975a9 sc_height_medium sc_fly_static elementor-widget elementor-widget-spacer\" data-id=\"a3975a9\" data-element_type=\"widget\" data-widget_type=\"spacer.default\">\n\t\t\t\t<div class=\"elementor-widget-container\">\n\t\t\t\t\t\t\t<div class=\"elementor-spacer\">\n\t\t\t<div class=\"elementor-spacer-inner\"><\/div>\n\t\t<\/div>\n\t\t\t\t\t\t<\/div>\n\t\t\t\t<\/div>\n\t\t\t\t\t<\/div>\n\t\t<\/div>\n\t\t\t\t\t<\/div>\n\t\t<\/section>\n\t\t\t\t<section class=\"elementor-section elementor-top-section elementor-element elementor-element-31ebc55 elementor-section-stretched elementor-section-boxed elementor-section-height-default elementor-section-height-default sc_fly_static\" data-id=\"31ebc55\" data-element_type=\"section\" data-settings=\"{&quot;background_background&quot;:&quot;classic&quot;,&quot;stretch_section&quot;:&quot;section-stretched&quot;}\">\n\t\t\t\t\t\t<div class=\"elementor-container elementor-column-gap-extended\">\n\t\t\t\t\t<div class=\"elementor-column elementor-col-100 elementor-top-column elementor-element elementor-element-e62d403 sc_content_align_inherit sc_layouts_column_icons_position_left sc_fly_static\" data-id=\"e62d403\" data-element_type=\"column\">\n\t\t\t<div class=\"elementor-widget-wrap elementor-element-populated\">\n\t\t\t\t\t\t<div class=\"elementor-element elementor-element-5be3f6a sc_height_medium sc_fly_static elementor-widget elementor-widget-spacer\" data-id=\"5be3f6a\" data-element_type=\"widget\" data-widget_type=\"spacer.default\">\n\t\t\t\t<div class=\"elementor-widget-container\">\n\t\t\t\t\t\t\t<div class=\"elementor-spacer\">\n\t\t\t<div class=\"elementor-spacer-inner\"><\/div>\n\t\t<\/div>\n\t\t\t\t\t\t<\/div>\n\t\t\t\t<\/div>\n\t\t\t\t<div class=\"elementor-element elementor-element-0a6d7e5 sc_fly_static elementor-widget elementor-widget-text-editor\" data-id=\"0a6d7e5\" data-element_type=\"widget\" data-widget_type=\"text-editor.default\">\n\t\t\t\t<div class=\"elementor-widget-container\">\n\t\t\t\t\t\t\t\t\tZus\u00e4tzlich arbeiten wir in einem Netzwerk mit ausgew\u00e4hlten Partnern f\u00fcr \nspezialisierte Themen, immer mit dem Ziel, schnell wirksame L\u00f6sungen in \ndie Organisation zu bringen.\t\t\t\t\t\t\t\t<\/div>\n\t\t\t\t<\/div>\n\t\t\t\t<div class=\"elementor-element elementor-element-931bb56 sc_height_medium sc_fly_static elementor-widget elementor-widget-spacer\" data-id=\"931bb56\" data-element_type=\"widget\" data-widget_type=\"spacer.default\">\n\t\t\t\t<div class=\"elementor-widget-container\">\n\t\t\t\t\t\t\t<div class=\"elementor-spacer\">\n\t\t\t<div class=\"elementor-spacer-inner\"><\/div>\n\t\t<\/div>\n\t\t\t\t\t\t<\/div>\n\t\t\t\t<\/div>\n\t\t\t\t\t<\/div>\n\t\t<\/div>\n\t\t\t\t\t<\/div>\n\t\t<\/section>\n\t\t\t\t<\/div>","protected":false},"excerpt":{"rendered":"<p>Unsere Konzepte stammen nicht aus Lehrb\u00fcchern. Visage besteht aus einem Team von Expertinnen und Experten aus der Wirtschaft, jeweils mit mehr als 25 Jahren praktischer Erfahrung auf C-Level sowie im&hellip;<\/p>","protected":false},"author":1,"featured_media":0,"parent":0,"menu_order":0,"comment_status":"closed","ping_status":"closed","template":"","meta":{"footnotes":""},"class_list":["post-22971","page","type-page","status-publish","hentry"],"yoast_head":"<!-- This site is optimized with the Yoast SEO plugin v26.8 - https:\/\/yoast.com\/product\/yoast-seo-wordpress\/ -->\n<title>Unser Team - Visage<\/title>\n<meta name=\"robots\" content=\"index, follow, max-snippet:-1, max-image-preview:large, max-video-preview:-1\" \/>\n<link rel=\"canonical\" href=\"https:\/\/visage.management\/fr\/unser-team\/\" \/>\n<meta property=\"og:locale\" content=\"fr_FR\" \/>\n<meta property=\"og:type\" content=\"article\" \/>\n<meta property=\"og:title\" content=\"Unser Team - Visage\" \/>\n<meta property=\"og:description\" content=\"Unsere Konzepte stammen nicht aus Lehrb\u00fcchern. Visage besteht aus einem Team von Expertinnen und Experten aus der Wirtschaft, jeweils mit mehr als 25 Jahren praktischer Erfahrung auf C-Level sowie im&hellip;\" \/>\n<meta property=\"og:url\" content=\"https:\/\/visage.management\/fr\/unser-team\/\" \/>\n<meta property=\"og:site_name\" content=\"Visage\" \/>\n<meta property=\"article:modified_time\" content=\"2026-01-29T12:48:24+00:00\" \/>\n<meta name=\"twitter:card\" content=\"summary_large_image\" \/>\n<meta name=\"twitter:label1\" content=\"Dur\u00e9e de lecture estim\u00e9e\" \/>\n\t<meta name=\"twitter:data1\" content=\"2 minutes\" \/>\n<script type=\"application\/ld+json\" class=\"yoast-schema-graph\">{\"@context\":\"https:\/\/schema.org\",\"@graph\":[{\"@type\":\"WebPage\",\"@id\":\"https:\/\/visage.management\/unser-team\/\",\"url\":\"https:\/\/visage.management\/unser-team\/\",\"name\":\"Unser Team - Visage\",\"isPartOf\":{\"@id\":\"https:\/\/visage.management\/#website\"},\"datePublished\":\"2026-01-27T13:33:29+00:00\",\"dateModified\":\"2026-01-29T12:48:24+00:00\",\"breadcrumb\":{\"@id\":\"https:\/\/visage.management\/unser-team\/#breadcrumb\"},\"inLanguage\":\"fr-FR\",\"potentialAction\":[{\"@type\":\"ReadAction\",\"target\":[\"https:\/\/visage.management\/unser-team\/\"]}]},{\"@type\":\"BreadcrumbList\",\"@id\":\"https:\/\/visage.management\/unser-team\/#breadcrumb\",\"itemListElement\":[{\"@type\":\"ListItem\",\"position\":1,\"name\":\"Start\",\"item\":\"https:\/\/visage.management\/\"},{\"@type\":\"ListItem\",\"position\":2,\"name\":\"Unser Team\"}]},{\"@type\":\"WebSite\",\"@id\":\"https:\/\/visage.management\/#website\",\"url\":\"https:\/\/visage.management\/\",\"name\":\"Visage\",\"description\":\"Management &amp; Leadership Consulting\",\"publisher\":{\"@id\":\"https:\/\/visage.management\/#organization\"},\"potentialAction\":[{\"@type\":\"SearchAction\",\"target\":{\"@type\":\"EntryPoint\",\"urlTemplate\":\"https:\/\/visage.management\/?s={search_term_string}\"},\"query-input\":{\"@type\":\"PropertyValueSpecification\",\"valueRequired\":true,\"valueName\":\"search_term_string\"}}],\"inLanguage\":\"fr-FR\"},{\"@type\":\"Organization\",\"@id\":\"https:\/\/visage.management\/#organization\",\"name\":\"Visage \u2013 Management & Leadership Consulting\",\"url\":\"https:\/\/visage.management\/\",\"logo\":{\"@type\":\"ImageObject\",\"inLanguage\":\"fr-FR\",\"@id\":\"https:\/\/visage.management\/#\/schema\/logo\/image\/\",\"url\":\"https:\/\/visage.management\/wp-content\/uploads\/2025\/08\/Logo-Consulting.png\",\"contentUrl\":\"https:\/\/visage.management\/wp-content\/uploads\/2025\/08\/Logo-Consulting.png\",\"width\":1182,\"height\":458,\"caption\":\"Visage \u2013 Management & Leadership Consulting\"},\"image\":{\"@id\":\"https:\/\/visage.management\/#\/schema\/logo\/image\/\"}}]}<\/script>\n<!-- \/ Yoast SEO plugin. -->","yoast_head_json":{"title":"Unser Team - Visage","robots":{"index":"index","follow":"follow","max-snippet":"max-snippet:-1","max-image-preview":"max-image-preview:large","max-video-preview":"max-video-preview:-1"},"canonical":"https:\/\/visage.management\/fr\/unser-team\/","og_locale":"fr_FR","og_type":"article","og_title":"Unser Team - Visage","og_description":"Unsere Konzepte stammen nicht aus Lehrb\u00fcchern. Visage besteht aus einem Team von Expertinnen und Experten aus der Wirtschaft, jeweils mit mehr als 25 Jahren praktischer Erfahrung auf C-Level sowie im&hellip;","og_url":"https:\/\/visage.management\/fr\/unser-team\/","og_site_name":"Visage","article_modified_time":"2026-01-29T12:48:24+00:00","twitter_card":"summary_large_image","twitter_misc":{"Dur\u00e9e de lecture estim\u00e9e":"2 minutes"},"schema":{"@context":"https:\/\/schema.org","@graph":[{"@type":"WebPage","@id":"https:\/\/visage.management\/unser-team\/","url":"https:\/\/visage.management\/unser-team\/","name":"Unser Team - Visage","isPartOf":{"@id":"https:\/\/visage.management\/#website"},"datePublished":"2026-01-27T13:33:29+00:00","dateModified":"2026-01-29T12:48:24+00:00","breadcrumb":{"@id":"https:\/\/visage.management\/unser-team\/#breadcrumb"},"inLanguage":"fr-FR","potentialAction":[{"@type":"ReadAction","target":["https:\/\/visage.management\/unser-team\/"]}]},{"@type":"BreadcrumbList","@id":"https:\/\/visage.management\/unser-team\/#breadcrumb","itemListElement":[{"@type":"ListItem","position":1,"name":"Start","item":"https:\/\/visage.management\/"},{"@type":"ListItem","position":2,"name":"Unser Team"}]},{"@type":"WebSite","@id":"https:\/\/visage.management\/#website","url":"https:\/\/visage.management\/","name":"Visage","description":"Management &amp; Leadership Consulting","publisher":{"@id":"https:\/\/visage.management\/#organization"},"potentialAction":[{"@type":"SearchAction","target":{"@type":"EntryPoint","urlTemplate":"https:\/\/visage.management\/?s={search_term_string}"},"query-input":{"@type":"PropertyValueSpecification","valueRequired":true,"valueName":"search_term_string"}}],"inLanguage":"fr-FR"},{"@type":"Organization","@id":"https:\/\/visage.management\/#organization","name":"Visage \u2013 Management & Leadership Consulting","url":"https:\/\/visage.management\/","logo":{"@type":"ImageObject","inLanguage":"fr-FR","@id":"https:\/\/visage.management\/#\/schema\/logo\/image\/","url":"https:\/\/visage.management\/wp-content\/uploads\/2025\/08\/Logo-Consulting.png","contentUrl":"https:\/\/visage.management\/wp-content\/uploads\/2025\/08\/Logo-Consulting.png","width":1182,"height":458,"caption":"Visage \u2013 Management & Leadership Consulting"},"image":{"@id":"https:\/\/visage.management\/#\/schema\/logo\/image\/"}}]}},"_links":{"self":[{"href":"https:\/\/visage.management\/fr\/wp-json\/wp\/v2\/pages\/22971","targetHints":{"allow":["GET"]}}],"collection":[{"href":"https:\/\/visage.management\/fr\/wp-json\/wp\/v2\/pages"}],"about":[{"href":"https:\/\/visage.management\/fr\/wp-json\/wp\/v2\/types\/page"}],"author":[{"embeddable":true,"href":"https:\/\/visage.management\/fr\/wp-json\/wp\/v2\/users\/1"}],"replies":[{"embeddable":true,"href":"https:\/\/visage.management\/fr\/wp-json\/wp\/v2\/comments?post=22971"}],"version-history":[{"count":9,"href":"https:\/\/visage.management\/fr\/wp-json\/wp\/v2\/pages\/22971\/revisions"}],"predecessor-version":[{"id":23083,"href":"https:\/\/visage.management\/fr\/wp-json\/wp\/v2\/pages\/22971\/revisions\/23083"}],"wp:attachment":[{"href":"https:\/\/visage.management\/fr\/wp-json\/wp\/v2\/media?parent=22971"}],"curies":[{"name":"wp","href":"https:\/\/api.w.org\/{rel}","templated":true}]}}