{"id":12954,"date":"2020-08-27T08:23:10","date_gmt":"2020-08-27T08:23:10","guid":{"rendered":"https:\/\/visage.management\/?page_id=12954"},"modified":"2025-12-11T16:48:30","modified_gmt":"2025-12-11T15:48:30","slug":"impressum","status":"publish","type":"page","link":"https:\/\/visage.management\/fr\/impressum\/","title":{"rendered":"Impressum"},"content":{"rendered":"<div data-elementor-type=\"wp-page\" data-elementor-id=\"12954\" class=\"elementor elementor-12954\">\n\t\t\t\t\t\t<section class=\"elementor-section elementor-top-section elementor-element elementor-element-78b9179 elementor-section-boxed elementor-section-height-default elementor-section-height-default sc_fly_static\" data-id=\"78b9179\" data-element_type=\"section\">\n\t\t\t\t\t\t<div class=\"elementor-container elementor-column-gap-extended\">\n\t\t\t\t\t<div class=\"elementor-column elementor-col-100 elementor-top-column elementor-element elementor-element-459bbd8 sc_content_align_inherit sc_layouts_column_icons_position_left sc_fly_static\" data-id=\"459bbd8\" data-element_type=\"column\">\n\t\t\t<div class=\"elementor-widget-wrap elementor-element-populated\">\n\t\t\t\t\t\t<div class=\"elementor-element elementor-element-fba6181 sc_fly_static elementor-widget elementor-widget-text-editor\" data-id=\"fba6181\" data-element_type=\"widget\" data-widget_type=\"text-editor.default\">\n\t\t\t\t<div class=\"elementor-widget-container\">\n\t\t\t\t\t\t\t\t\t<h2>Angaben gem\u00e4\u00df \u00a7 5 DDG<\/h2><p>VISAGE \u2013 Management &amp; Leadership Consulting<br \/>Sch\u00fctzenstra\u00dfe 56a<br \/>35398 Giessen<\/p><p><strong>Vertreten durch<\/strong><br \/>B\u00e9n\u00e9dicte Autem<\/p><p><strong>Contact<\/strong><br \/>Telefon: 0176 61651704<br \/>E-Mail: <a href=\"mailto:info@visage.management\">info@visage.management<\/a><\/p><p><strong>Verantwortlich f\u00fcr den Inhalt nach \u00a7 18 Abs. 2 MStV<br \/><\/strong>B\u00e9n\u00e9dicte Autem<br \/>Sch\u00fctzenstra\u00dfe 56a<br \/>35398 Giessen<\/p>\t\t\t\t\t\t\t\t<\/div>\n\t\t\t\t<\/div>\n\t\t\t\t<div class=\"elementor-element elementor-element-dd7679e sc_height_small sc_fly_static elementor-widget elementor-widget-spacer\" data-id=\"dd7679e\" data-element_type=\"widget\" data-widget_type=\"spacer.default\">\n\t\t\t\t<div class=\"elementor-widget-container\">\n\t\t\t\t\t\t\t<div class=\"elementor-spacer\">\n\t\t\t<div class=\"elementor-spacer-inner\"><\/div>\n\t\t<\/div>\n\t\t\t\t\t\t<\/div>\n\t\t\t\t<\/div>\n\t\t\t\t<div class=\"elementor-element elementor-element-13613b7 sc_fly_static elementor-widget elementor-widget-text-editor\" data-id=\"13613b7\" data-element_type=\"widget\" data-widget_type=\"text-editor.default\">\n\t\t\t\t<div class=\"elementor-widget-container\">\n\t\t\t\t\t\t\t\t\t<h2>Haftungsauschluss<\/h2><h3>Haftung f\u00fcr Inhalte<\/h3><p>Die Inhalte unserer Seiten wurden mit gr\u00f6\u00dfter Sorgfalt erstellt. F\u00fcr die Richtigkeit, Vollst\u00e4ndigkeit und Aktualit\u00e4t der Inhalte k\u00f6nnen wir jedoch keine Gew\u00e4hr \u00fcbernehmen. Als Diensteanbieter sind wir gem\u00e4\u00df \u00a7 7 Abs.1 DDG f\u00fcr eigene Inhalte auf diesen Seiten nach den allgemeinen Gesetzen verantwortlich. Nach \u00a7\u00a7 8 bis 10 DDG sind wir als Diensteanbieter jedoch nicht verpflichtet, \u00fcbermittelte oder gespeicherte fremde Informationen zu \u00fcberwachen oder nach Umst\u00e4nden zu forschen, die auf eine rechtswidrige T\u00e4tigkeit hinweisen. Verpflichtungen zur Entfernung oder Sperrung der Nutzung von Informationen nach den allgemeinen Gesetzen bleiben hiervon unber\u00fchrt. Eine diesbez\u00fcgliche Haftung ist jedoch erst ab dem Zeitpunkt der Kenntnis einer konkreten Rechtsverletzung m\u00f6glich. Bei Bekanntwerden von entsprechenden Rechtsverletzungen werden wir diese Inhalte umgehend entfernen.<\/p><h3>Haftung f\u00fcr Links<\/h3><p>Unser Angebot enth\u00e4lt Links zu externen Webseiten Dritter, auf deren Inhalte wir keinen Einfluss haben. Deshalb k\u00f6nnen wir f\u00fcr diese fremden Inhalte auch keine Gew\u00e4hr \u00fcbernehmen. F\u00fcr die Inhalte der verlinkten Seiten ist stets der jeweilige Anbieter oder Betreiber der Seiten verantwortlich. Die verlinkten Seiten wurden zum Zeitpunkt der Verlinkung auf m\u00f6gliche Rechtsverst\u00f6\u00dfe \u00fcberpr\u00fcft. Rechtswidrige Inhalte waren zum Zeitpunkt der Verlinkung nicht erkennbar. Eine permanente inhaltliche Kontrolle der verlinkten Seiten ist jedoch ohne konkrete Anhaltspunkte einer Rechtsverletzung nicht zumutbar. Bei Bekanntwerden von Rechtsverletzungen werden wir derartige Links umgehend entfernen.<\/p><h3>Urheberrecht<\/h3><p>Die durch die Seitenbetreiber erstellten Inhalte und Werke auf diesen Seiten unterliegen dem deutschen Urheberrecht. Die Vervielf\u00e4ltigung, Bearbeitung, Verbreitung und jede Art der Verwertung au\u00dferhalb der Grenzen des Urheberrechtes bed\u00fcrfen der schriftlichen Zustimmung des jeweiligen Autors bzw. Erstellers. Downloads und Kopien dieser Seite sind nur f\u00fcr den privaten, nicht kommerziellen Gebrauch gestattet. Soweit die Inhalte auf dieser Seite nicht vom Betreiber erstellt wurden, werden die Urheberrechte Dritter beachtet. Insbesondere werden Inhalte Dritter als solche gekennzeichnet. Sollten Sie trotzdem auf eine Urheberrechtsverletzung aufmerksam werden, bitten wir um einen entsprechenden Hinweis. Bei Bekanntwerden von Rechtsverletzungen werden wir derartige Inhalte umgehend entfernen.<\/p>\t\t\t\t\t\t\t\t<\/div>\n\t\t\t\t<\/div>\n\t\t\t\t<div class=\"elementor-element elementor-element-f959e75 sc_height_tiny sc_fly_static elementor-widget elementor-widget-spacer\" data-id=\"f959e75\" data-element_type=\"widget\" data-widget_type=\"spacer.default\">\n\t\t\t\t<div class=\"elementor-widget-container\">\n\t\t\t\t\t\t\t<div class=\"elementor-spacer\">\n\t\t\t<div class=\"elementor-spacer-inner\"><\/div>\n\t\t<\/div>\n\t\t\t\t\t\t<\/div>\n\t\t\t\t<\/div>\n\t\t\t\t<div class=\"elementor-element elementor-element-d3bd87f sc_fly_static elementor-widget elementor-widget-text-editor\" data-id=\"d3bd87f\" data-element_type=\"widget\" data-widget_type=\"text-editor.default\">\n\t\t\t\t<div class=\"elementor-widget-container\">\n\t\t\t\t\t\t\t\t\t<p>Erstellt mit Impressum-Generator.de, dem Tool f\u00fcr Impressum und Datenschutz-Erkl\u00e4rung.<\/p>\t\t\t\t\t\t\t\t<\/div>\n\t\t\t\t<\/div>\n\t\t\t\t<div class=\"elementor-element elementor-element-d30c3c9 sc_height_small sc_fly_static elementor-widget elementor-widget-spacer\" data-id=\"d30c3c9\" data-element_type=\"widget\" data-widget_type=\"spacer.default\">\n\t\t\t\t<div class=\"elementor-widget-container\">\n\t\t\t\t\t\t\t<div class=\"elementor-spacer\">\n\t\t\t<div class=\"elementor-spacer-inner\"><\/div>\n\t\t<\/div>\n\t\t\t\t\t\t<\/div>\n\t\t\t\t<\/div>\n\t\t\t\t<div class=\"elementor-element elementor-element-853954f sc_fly_static elementor-widget elementor-widget-text-editor\" data-id=\"853954f\" data-element_type=\"widget\" data-widget_type=\"text-editor.default\">\n\t\t\t\t<div class=\"elementor-widget-container\">\n\t\t\t\t\t\t\t\t\t<h3>Konzept &amp; technische Visualisierung<\/h3><p><a href=\"https:\/\/gebauer.de\" target=\"_blank\" rel=\"noopener\">GEBAUER Werbeagentur GmbH<\/a><\/p>\t\t\t\t\t\t\t\t<\/div>\n\t\t\t\t<\/div>\n\t\t\t\t\t<\/div>\n\t\t<\/div>\n\t\t\t\t\t<\/div>\n\t\t<\/section>\n\t\t\t\t<\/div>","protected":false},"excerpt":{"rendered":"<p>Angaben gem\u00e4\u00df \u00a7 5 DDG VISAGE \u2013 Management &amp; Leadership ConsultingSch\u00fctzenstra\u00dfe 56a35398 Giessen Vertreten durchB\u00e9n\u00e9dicte Autem KontaktTelefon: 0176 61651704E-Mail: info@visage.management Verantwortlich f\u00fcr den Inhalt nach \u00a7 18 Abs. 2 MStVB\u00e9n\u00e9dicte&hellip;<\/p>","protected":false},"author":1,"featured_media":0,"parent":0,"menu_order":0,"comment_status":"closed","ping_status":"closed","template":"","meta":{"footnotes":""},"class_list":["post-12954","page","type-page","status-publish","hentry"],"yoast_head":"<!-- This site is optimized with the Yoast SEO plugin v26.8 - https:\/\/yoast.com\/product\/yoast-seo-wordpress\/ -->\n<title>Impressum - Visage<\/title>\n<meta name=\"robots\" content=\"index, follow, max-snippet:-1, max-image-preview:large, max-video-preview:-1\" \/>\n<link rel=\"canonical\" href=\"https:\/\/visage.management\/fr\/impressum\/\" \/>\n<meta property=\"og:locale\" content=\"fr_FR\" \/>\n<meta property=\"og:type\" content=\"article\" \/>\n<meta property=\"og:title\" content=\"Impressum - Visage\" \/>\n<meta property=\"og:description\" content=\"Angaben gem\u00e4\u00df \u00a7 5 DDG VISAGE \u2013 Management &amp; Leadership ConsultingSch\u00fctzenstra\u00dfe 56a35398 Giessen Vertreten durchB\u00e9n\u00e9dicte Autem KontaktTelefon: 0176 61651704E-Mail: info@visage.management Verantwortlich f\u00fcr den Inhalt nach \u00a7 18 Abs. 2 MStVB\u00e9n\u00e9dicte&hellip;\" \/>\n<meta property=\"og:url\" content=\"https:\/\/visage.management\/fr\/impressum\/\" \/>\n<meta property=\"og:site_name\" content=\"Visage\" \/>\n<meta property=\"article:modified_time\" content=\"2025-12-11T15:48:30+00:00\" \/>\n<meta name=\"twitter:card\" content=\"summary_large_image\" \/>\n<meta name=\"twitter:label1\" content=\"Dur\u00e9e de lecture estim\u00e9e\" \/>\n\t<meta name=\"twitter:data1\" content=\"2 minutes\" \/>\n<script type=\"application\/ld+json\" class=\"yoast-schema-graph\">{\"@context\":\"https:\/\/schema.org\",\"@graph\":[{\"@type\":\"WebPage\",\"@id\":\"https:\/\/visage.management\/impressum\/\",\"url\":\"https:\/\/visage.management\/impressum\/\",\"name\":\"Impressum - Visage\",\"isPartOf\":{\"@id\":\"https:\/\/visage.management\/#website\"},\"datePublished\":\"2020-08-27T08:23:10+00:00\",\"dateModified\":\"2025-12-11T15:48:30+00:00\",\"breadcrumb\":{\"@id\":\"https:\/\/visage.management\/impressum\/#breadcrumb\"},\"inLanguage\":\"fr-FR\",\"potentialAction\":[{\"@type\":\"ReadAction\",\"target\":[\"https:\/\/visage.management\/impressum\/\"]}]},{\"@type\":\"BreadcrumbList\",\"@id\":\"https:\/\/visage.management\/impressum\/#breadcrumb\",\"itemListElement\":[{\"@type\":\"ListItem\",\"position\":1,\"name\":\"Start\",\"item\":\"https:\/\/visage.management\/\"},{\"@type\":\"ListItem\",\"position\":2,\"name\":\"Impressum\"}]},{\"@type\":\"WebSite\",\"@id\":\"https:\/\/visage.management\/#website\",\"url\":\"https:\/\/visage.management\/\",\"name\":\"Visage\",\"description\":\"Management &amp; Leadership Consulting\",\"publisher\":{\"@id\":\"https:\/\/visage.management\/#organization\"},\"potentialAction\":[{\"@type\":\"SearchAction\",\"target\":{\"@type\":\"EntryPoint\",\"urlTemplate\":\"https:\/\/visage.management\/?s={search_term_string}\"},\"query-input\":{\"@type\":\"PropertyValueSpecification\",\"valueRequired\":true,\"valueName\":\"search_term_string\"}}],\"inLanguage\":\"fr-FR\"},{\"@type\":\"Organization\",\"@id\":\"https:\/\/visage.management\/#organization\",\"name\":\"Visage \u2013 Management & Leadership Consulting\",\"url\":\"https:\/\/visage.management\/\",\"logo\":{\"@type\":\"ImageObject\",\"inLanguage\":\"fr-FR\",\"@id\":\"https:\/\/visage.management\/#\/schema\/logo\/image\/\",\"url\":\"https:\/\/visage.management\/wp-content\/uploads\/2025\/08\/Logo-Consulting.png\",\"contentUrl\":\"https:\/\/visage.management\/wp-content\/uploads\/2025\/08\/Logo-Consulting.png\",\"width\":1182,\"height\":458,\"caption\":\"Visage \u2013 Management & Leadership Consulting\"},\"image\":{\"@id\":\"https:\/\/visage.management\/#\/schema\/logo\/image\/\"}}]}<\/script>\n<!-- \/ Yoast SEO plugin. -->","yoast_head_json":{"title":"Impressum - Visage","robots":{"index":"index","follow":"follow","max-snippet":"max-snippet:-1","max-image-preview":"max-image-preview:large","max-video-preview":"max-video-preview:-1"},"canonical":"https:\/\/visage.management\/fr\/impressum\/","og_locale":"fr_FR","og_type":"article","og_title":"Impressum - Visage","og_description":"Angaben gem\u00e4\u00df \u00a7 5 DDG VISAGE \u2013 Management &amp; Leadership ConsultingSch\u00fctzenstra\u00dfe 56a35398 Giessen Vertreten durchB\u00e9n\u00e9dicte Autem KontaktTelefon: 0176 61651704E-Mail: info@visage.management Verantwortlich f\u00fcr den Inhalt nach \u00a7 18 Abs. 2 MStVB\u00e9n\u00e9dicte&hellip;","og_url":"https:\/\/visage.management\/fr\/impressum\/","og_site_name":"Visage","article_modified_time":"2025-12-11T15:48:30+00:00","twitter_card":"summary_large_image","twitter_misc":{"Dur\u00e9e de lecture estim\u00e9e":"2 minutes"},"schema":{"@context":"https:\/\/schema.org","@graph":[{"@type":"WebPage","@id":"https:\/\/visage.management\/impressum\/","url":"https:\/\/visage.management\/impressum\/","name":"Impressum - Visage","isPartOf":{"@id":"https:\/\/visage.management\/#website"},"datePublished":"2020-08-27T08:23:10+00:00","dateModified":"2025-12-11T15:48:30+00:00","breadcrumb":{"@id":"https:\/\/visage.management\/impressum\/#breadcrumb"},"inLanguage":"fr-FR","potentialAction":[{"@type":"ReadAction","target":["https:\/\/visage.management\/impressum\/"]}]},{"@type":"BreadcrumbList","@id":"https:\/\/visage.management\/impressum\/#breadcrumb","itemListElement":[{"@type":"ListItem","position":1,"name":"Start","item":"https:\/\/visage.management\/"},{"@type":"ListItem","position":2,"name":"Impressum"}]},{"@type":"WebSite","@id":"https:\/\/visage.management\/#website","url":"https:\/\/visage.management\/","name":"Visage","description":"Management &amp; Leadership Consulting","publisher":{"@id":"https:\/\/visage.management\/#organization"},"potentialAction":[{"@type":"SearchAction","target":{"@type":"EntryPoint","urlTemplate":"https:\/\/visage.management\/?s={search_term_string}"},"query-input":{"@type":"PropertyValueSpecification","valueRequired":true,"valueName":"search_term_string"}}],"inLanguage":"fr-FR"},{"@type":"Organization","@id":"https:\/\/visage.management\/#organization","name":"Visage \u2013 Management & Leadership Consulting","url":"https:\/\/visage.management\/","logo":{"@type":"ImageObject","inLanguage":"fr-FR","@id":"https:\/\/visage.management\/#\/schema\/logo\/image\/","url":"https:\/\/visage.management\/wp-content\/uploads\/2025\/08\/Logo-Consulting.png","contentUrl":"https:\/\/visage.management\/wp-content\/uploads\/2025\/08\/Logo-Consulting.png","width":1182,"height":458,"caption":"Visage \u2013 Management & Leadership Consulting"},"image":{"@id":"https:\/\/visage.management\/#\/schema\/logo\/image\/"}}]}},"_links":{"self":[{"href":"https:\/\/visage.management\/fr\/wp-json\/wp\/v2\/pages\/12954","targetHints":{"allow":["GET"]}}],"collection":[{"href":"https:\/\/visage.management\/fr\/wp-json\/wp\/v2\/pages"}],"about":[{"href":"https:\/\/visage.management\/fr\/wp-json\/wp\/v2\/types\/page"}],"author":[{"embeddable":true,"href":"https:\/\/visage.management\/fr\/wp-json\/wp\/v2\/users\/1"}],"replies":[{"embeddable":true,"href":"https:\/\/visage.management\/fr\/wp-json\/wp\/v2\/comments?post=12954"}],"version-history":[{"count":38,"href":"https:\/\/visage.management\/fr\/wp-json\/wp\/v2\/pages\/12954\/revisions"}],"predecessor-version":[{"id":22920,"href":"https:\/\/visage.management\/fr\/wp-json\/wp\/v2\/pages\/12954\/revisions\/22920"}],"wp:attachment":[{"href":"https:\/\/visage.management\/fr\/wp-json\/wp\/v2\/media?parent=12954"}],"curies":[{"name":"wp","href":"https:\/\/api.w.org\/{rel}","templated":true}]}}